{"id":149,"date":"2023-10-02T12:48:31","date_gmt":"2023-10-02T10:48:31","guid":{"rendered":"https:\/\/casapons.cat\/?page_id=149"},"modified":"2023-10-02T13:34:19","modified_gmt":"2023-10-02T11:34:19","slug":"parque-nacional-de-aiguestortes-y-lago-de-san-mauricio","status":"publish","type":"page","link":"https:\/\/casapons.cat\/en\/que-hacer\/parque-nacional-de-aiguestortes-y-lago-de-san-mauricio\/","title":{"rendered":"Aig\u00fcestortes National Park and Saint Maurice Lake"},"content":{"rendered":"<div data-elementor-type=\"wp-page\" data-elementor-id=\"149\" class=\"elementor elementor-149\" data-elementor-post-type=\"page\">\n\t\t\t\t\t\t<section class=\"elementor-section elementor-top-section elementor-element elementor-element-d1a613c elementor-section-boxed elementor-section-height-default elementor-section-height-default elementor-invisible\" data-id=\"d1a613c\" data-element_type=\"section\" data-settings=\"{&quot;background_background&quot;:&quot;classic&quot;,&quot;animation&quot;:&quot;fadeIn&quot;}\">\n\t\t\t\t\t\t\t<div class=\"elementor-background-overlay\"><\/div>\n\t\t\t\t\t\t\t<div class=\"elementor-container elementor-column-gap-default\">\n\t\t\t\t\t<div class=\"elementor-column elementor-col-100 elementor-top-column elementor-element elementor-element-db41076\" data-id=\"db41076\" data-element_type=\"column\">\n\t\t\t<div class=\"elementor-widget-wrap elementor-element-populated\">\n\t\t\t\t\t\t<div class=\"elementor-element elementor-element-4f55d48 de_scroll_animation_no elementor-invisible elementor-widget elementor-widget-heading\" data-id=\"4f55d48\" data-element_type=\"widget\" data-settings=\"{&quot;_animation&quot;:&quot;fadeInDown&quot;}\" data-widget_type=\"heading.default\">\n\t\t\t\t<div class=\"elementor-widget-container\">\n\t\t\t<style>\/*! elementor - v3.21.0 - 30-04-2024 *\/\n.elementor-heading-title{padding:0;margin:0;line-height:1}.elementor-widget-heading .elementor-heading-title[class*=elementor-size-]>a{color:inherit;font-size:inherit;line-height:inherit}.elementor-widget-heading .elementor-heading-title.elementor-size-small{font-size:15px}.elementor-widget-heading .elementor-heading-title.elementor-size-medium{font-size:19px}.elementor-widget-heading .elementor-heading-title.elementor-size-large{font-size:29px}.elementor-widget-heading .elementor-heading-title.elementor-size-xl{font-size:39px}.elementor-widget-heading .elementor-heading-title.elementor-size-xxl{font-size:59px}<\/style><h1 class=\"elementor-heading-title elementor-size-default\">Aig\u00fcestortes National Park and Saint Maurice Lake<\/h1>\t\t<\/div>\n\t\t\t\t<\/div>\n\t\t\t\t\t<\/div>\n\t\t<\/div>\n\t\t\t\t\t<\/div>\n\t\t<\/section>\n\t\t<div class=\"elementor-element elementor-element-efa5248 e-flex e-con-boxed e-con e-parent\" data-id=\"efa5248\" data-element_type=\"container\">\n\t\t\t\t\t<div class=\"e-con-inner\">\n\t\t\t\t<div class=\"elementor-element elementor-element-c6ec43e elementor-toc--minimized-on-tablet de_scroll_animation_no elementor-widget elementor-widget-table-of-contents\" data-id=\"c6ec43e\" data-element_type=\"widget\" data-settings=\"{&quot;exclude_headings_by_selector&quot;:[],&quot;headings_by_tags&quot;:[&quot;h2&quot;,&quot;h3&quot;,&quot;h4&quot;,&quot;h5&quot;,&quot;h6&quot;],&quot;marker_view&quot;:&quot;numbers&quot;,&quot;minimize_box&quot;:&quot;yes&quot;,&quot;minimized_on&quot;:&quot;tablet&quot;,&quot;hierarchical_view&quot;:&quot;yes&quot;,&quot;min_height&quot;:{&quot;unit&quot;:&quot;px&quot;,&quot;size&quot;:&quot;&quot;,&quot;sizes&quot;:[]},&quot;min_height_tablet&quot;:{&quot;unit&quot;:&quot;px&quot;,&quot;size&quot;:&quot;&quot;,&quot;sizes&quot;:[]},&quot;min_height_mobile&quot;:{&quot;unit&quot;:&quot;px&quot;,&quot;size&quot;:&quot;&quot;,&quot;sizes&quot;:[]}}\" data-widget_type=\"table-of-contents.default\">\n\t\t\t\t<div class=\"elementor-widget-container\">\n\t\t\t<style>\/*! elementor-pro - v3.18.0 - 17-01-2024 *\/\n.elementor-widget-table-of-contents .elementor-toc__header-title{color:var(--header-color)}.elementor-widget-table-of-contents.elementor-toc--collapsed .elementor-toc__toggle-button--collapse,.elementor-widget-table-of-contents:not(.elementor-toc--collapsed) .elementor-toc__toggle-button--expand{display:none}.elementor-widget-table-of-contents .elementor-widget-container{min-height:var(--box-min-height);border:var(--box-border-width,1px) solid var(--box-border-color,#9da5ae);border-radius:var(--box-border-radius,3px);background-color:var(--box-background-color);transition:min-height .4s;overflow:hidden}.elementor-toc__header{display:flex;align-items:center;justify-content:space-between;padding:var(--box-padding,20px);background-color:var(--header-background-color);border-bottom:var(--separator-width,1px) solid var(--box-border-color,#9da5ae)}.elementor-toc__header-title{font-size:18px;margin:0;color:var(--header-color)}.elementor-toc__toggle-button{cursor:pointer;display:inline-flex}.elementor-toc__toggle-button i{color:var(--toggle-button-color)}.elementor-toc__toggle-button svg{height:1em;width:1em;fill:var(--toggle-button-color)}.elementor-toc__spinner-container{text-align:center}.elementor-toc__spinner{font-size:2em}.elementor-toc__spinner.e-font-icon-svg{height:1em;width:1em}.elementor-toc__body{padding:var(--box-padding,20px);max-height:var(--toc-body-max-height);overflow-y:auto}.elementor-toc__body::-webkit-scrollbar{width:7px}.elementor-toc__body::-webkit-scrollbar-thumb{background-color:#babfc5;border-radius:10px}.elementor-toc__list-wrapper{list-style:none;padding:0}.elementor-toc__list-item{margin-bottom:.5em}.elementor-toc__list-item.elementor-item-active{font-weight:700}.elementor-toc__list-item .elementor-toc__list-wrapper{margin-top:.5em;margin-left:var(--nested-list-indent,1em)}.elementor-toc__list-item-text:hover{color:var(--item-text-hover-color);-webkit-text-decoration:var(--item-text-hover-decoration);text-decoration:var(--item-text-hover-decoration)}.elementor-toc__list-item-text.elementor-item-active{color:var(--item-text-active-color);-webkit-text-decoration:var(--item-text-active-decoration);text-decoration:var(--item-text-active-decoration)}.elementor-toc__list-item-text-wrapper{display:flex;align-items:center}.elementor-toc__list-item-text-wrapper:before,.elementor-toc__list-item-text-wrapper i{margin-right:8px;color:var(--marker-color)}.elementor-toc__list-item-text-wrapper svg{margin-right:8px;fill:var(--marker-color);height:var(--marker-size,.5em);width:var(--marker-size,.5em)}.elementor-toc__list-item-text-wrapper i{font-size:var(--marker-size,.5em)}.elementor-toc__list-item-text-wrapper:before{font-size:var(--marker-size,1em)}.elementor-toc--content-ellipsis .elementor-toc__list-item-text{white-space:nowrap;overflow:hidden;text-overflow:ellipsis}.elementor-toc__list-items--collapsible>.elementor-toc__list-wrapper>.elementor-toc__list-item>.elementor-toc__list-wrapper{display:none}.elementor-toc__heading-anchor{position:absolute}.elementor-toc__body .elementor-toc__list-item-text{color:var(--item-text-color);-webkit-text-decoration:var(--item-text-decoration);text-decoration:var(--item-text-decoration)}.elementor-toc__body .elementor-toc__list-item-text:hover{color:var(--item-text-hover-color);-webkit-text-decoration:var(--item-text-hover-decoration);text-decoration:var(--item-text-hover-decoration)}.elementor-toc__body .elementor-toc__list-item-text.elementor-item-active{color:var(--item-text-active-color);-webkit-text-decoration:var(--item-text-active-decoration);text-decoration:var(--item-text-active-decoration)}ol.elementor-toc__list-wrapper{counter-reset:item}ol.elementor-toc__list-wrapper .elementor-toc__list-item{counter-increment:item}ol.elementor-toc__list-wrapper .elementor-toc__list-item-text-wrapper:before{content:counters(item,\".\") \". \"}<\/style>\t\t<div class=\"elementor-toc__header\">\n\t\t\t<h4 class=\"elementor-toc__header-title\">\n\t\t\t\tTable of contents\t\t\t<\/h4>\n\t\t\t\t\t\t\t<div class=\"elementor-toc__toggle-button elementor-toc__toggle-button--expand\" role=\"button\" tabindex=\"0\" aria-controls=\"elementor-toc__c6ec43e\" aria-expanded=\"true\" aria-label=\"Open table of contents\"><i aria-hidden=\"true\" class=\"fas fa-chevron-down\"><\/i><\/div>\n\t\t\t\t<div class=\"elementor-toc__toggle-button elementor-toc__toggle-button--collapse\" role=\"button\" tabindex=\"0\" aria-controls=\"elementor-toc__c6ec43e\" aria-expanded=\"true\" aria-label=\"Close table of contents\"><i aria-hidden=\"true\" class=\"fas fa-chevron-up\"><\/i><\/div>\n\t\t\t\t\t<\/div>\n\t\t<div id=\"elementor-toc__c6ec43e\" class=\"elementor-toc__body\">\n\t\t\t<div class=\"elementor-toc__spinner-container\">\n\t\t\t\t<i class=\"elementor-toc__spinner eicon-animation-spin eicon-loading\" aria-hidden=\"true\"><\/i>\t\t\t<\/div>\n\t\t<\/div>\n\t\t\t\t<\/div>\n\t\t\t\t<\/div>\n\t\t\t\t\t<\/div>\n\t\t\t\t<\/div>\n\t\t<div class=\"elementor-element elementor-element-5c2d544 e-flex e-con-boxed e-con e-parent\" data-id=\"5c2d544\" data-element_type=\"container\">\n\t\t\t\t\t<div class=\"e-con-inner\">\n\t\t<div class=\"elementor-element elementor-element-b62d347 e-con-full e-flex e-con e-child\" data-id=\"b62d347\" data-element_type=\"container\">\n\t\t\t\t<div class=\"elementor-element elementor-element-449fa8b de_scroll_animation_no elementor-widget elementor-widget-text-editor\" data-id=\"449fa8b\" data-element_type=\"widget\" data-widget_type=\"text-editor.default\">\n\t\t\t\t<div class=\"elementor-widget-container\">\n\t\t\t<style>\/*! elementor - v3.21.0 - 30-04-2024 *\/\n.elementor-widget-text-editor.elementor-drop-cap-view-stacked .elementor-drop-cap{background-color:#69727d;color:#fff}.elementor-widget-text-editor.elementor-drop-cap-view-framed .elementor-drop-cap{color:#69727d;border:3px solid;background-color:transparent}.elementor-widget-text-editor:not(.elementor-drop-cap-view-default) .elementor-drop-cap{margin-top:8px}.elementor-widget-text-editor:not(.elementor-drop-cap-view-default) .elementor-drop-cap-letter{width:1em;height:1em}.elementor-widget-text-editor .elementor-drop-cap{float:left;text-align:center;line-height:1;font-size:50px}.elementor-widget-text-editor .elementor-drop-cap-letter{display:inline-block}<\/style>\t\t\t\t<h2>Introduction<\/h2>\n<p>It is one of the fourteen national parks in Spain and the only one in Catalonia.<\/p>\n\n<h2>Location and Ecosystem Representation<\/h2>\n<p>Located in the heart of the Pyrenees, together with the parks of Ordesa and Monte Perdido and the French Pyrenees, it is an excellent representation of the main ecosystems that can be discovered in the Catalan high mountains.<\/p>\n\n<h2>Natural Diversity<\/h2>\n<p>Peaks over three thousand metres high, rivers, ravines, waterfalls and marshes, more than 200 lakes of different shapes and colours and a great diversity of animal and plant species give life to this unique protected natural area in southern Europe.<\/p>\n\n<h2>Activities and Education<\/h2>\n<p>The National Park offers, during the four seasons of the year, a programme of activities that includes itineraries with the service of interpreter guides, snowshoeing outings in the winter season, naturalist days, exhibitions, talks and competitions that aim to raise awareness of the main natural values of the National Park in order to improve the protection and conservation of these privileged spaces.<\/p>\n\n<h2>Territorial Distribution<\/h2>\n<p>The Park's territory is divided between four counties: Alta Ribagor\u00e7a, Pallars Sobir\u00e0, Pallars Juss\u00e0 and Vall d'Aran.<\/p>\n\n<h3>Access to the Park<\/h3>\n<p>The usual access to the heart of the Park is via the two historic entrances: Espot (Pallars Sobir\u00e0) and Bo\u00ed (Alta Ribagor\u00e7a).<\/p>\n\t\t\t\t\t\t<\/div>\n\t\t\t\t<\/div>\n\t\t\t\t<\/div>\n\t\t\t\t\t<\/div>\n\t\t\t\t<\/div>\n\t\t<div class=\"elementor-element elementor-element-db90d7c e-flex e-con-boxed e-con e-parent\" data-id=\"db90d7c\" data-element_type=\"container\">\n\t\t\t\t\t<div class=\"e-con-inner\">\n\t\t<div class=\"elementor-element elementor-element-a4af43b e-con-full e-flex e-con e-child\" data-id=\"a4af43b\" data-element_type=\"container\">\n\t\t\t\t<div class=\"elementor-element elementor-element-ca75b2a de_scroll_animation_no elementor-widget elementor-widget-image\" data-id=\"ca75b2a\" data-element_type=\"widget\" data-widget_type=\"image.default\">\n\t\t\t\t<div class=\"elementor-widget-container\">\n\t\t\t<style>\/*! elementor - v3.21.0 - 30-04-2024 *\/\n.elementor-widget-image{text-align:center}.elementor-widget-image a{display:inline-block}.elementor-widget-image a img[src$=\".svg\"]{width:48px}.elementor-widget-image img{vertical-align:middle;display:inline-block}<\/style>\t\t\t\t\t\t\t\t\t\t<img fetchpriority=\"high\" decoding=\"async\" width=\"800\" height=\"479\" src=\"https:\/\/casapons.cat\/wp-content\/uploads\/2023\/10\/invierno-3-1024x613.jpg\" class=\"attachment-large size-large wp-image-255\" alt=\"\" srcset=\"https:\/\/casapons.cat\/wp-content\/uploads\/2023\/10\/invierno-3-1024x613.jpg 1024w, https:\/\/casapons.cat\/wp-content\/uploads\/2023\/10\/invierno-3-600x359.jpg 600w, https:\/\/casapons.cat\/wp-content\/uploads\/2023\/10\/invierno-3-300x180.jpg 300w, https:\/\/casapons.cat\/wp-content\/uploads\/2023\/10\/invierno-3-768x460.jpg 768w, https:\/\/casapons.cat\/wp-content\/uploads\/2023\/10\/invierno-3.jpg 1044w\" sizes=\"(max-width: 800px) 100vw, 800px\" \/>\t\t\t\t\t\t\t\t\t\t\t\t\t<\/div>\n\t\t\t\t<\/div>\n\t\t\t\t<\/div>\n\t\t<div class=\"elementor-element elementor-element-4737927 e-con-full e-flex e-con e-child\" data-id=\"4737927\" data-element_type=\"container\">\n\t\t\t\t<div class=\"elementor-element elementor-element-21b26fe de_scroll_animation_no elementor-widget elementor-widget-image\" data-id=\"21b26fe\" data-element_type=\"widget\" data-widget_type=\"image.default\">\n\t\t\t\t<div class=\"elementor-widget-container\">\n\t\t\t\t\t\t\t\t\t\t\t\t\t<img decoding=\"async\" width=\"800\" height=\"600\" src=\"https:\/\/casapons.cat\/wp-content\/uploads\/2023\/10\/invierno-6.jpg\" class=\"attachment-large size-large wp-image-256\" alt=\"\" srcset=\"https:\/\/casapons.cat\/wp-content\/uploads\/2023\/10\/invierno-6.jpg 1011w, https:\/\/casapons.cat\/wp-content\/uploads\/2023\/10\/invierno-6-600x450.jpg 600w, https:\/\/casapons.cat\/wp-content\/uploads\/2023\/10\/invierno-6-300x225.jpg 300w, https:\/\/casapons.cat\/wp-content\/uploads\/2023\/10\/invierno-6-768x576.jpg 768w\" sizes=\"(max-width: 800px) 100vw, 800px\" \/>\t\t\t\t\t\t\t\t\t\t\t\t\t<\/div>\n\t\t\t\t<\/div>\n\t\t\t\t<\/div>\n\t\t<div class=\"elementor-element elementor-element-2c0a839 e-con-full e-flex e-con e-child\" data-id=\"2c0a839\" data-element_type=\"container\">\n\t\t\t\t<div class=\"elementor-element elementor-element-c47fd61 de_scroll_animation_no elementor-widget elementor-widget-image\" data-id=\"c47fd61\" data-element_type=\"widget\" data-widget_type=\"image.default\">\n\t\t\t\t<div class=\"elementor-widget-container\">\n\t\t\t\t\t\t\t\t\t\t\t\t\t<img decoding=\"async\" width=\"800\" height=\"479\" src=\"https:\/\/casapons.cat\/wp-content\/uploads\/2023\/10\/invierno-9-1024x613.jpeg\" class=\"attachment-large size-large wp-image-257\" alt=\"\" srcset=\"https:\/\/casapons.cat\/wp-content\/uploads\/2023\/10\/invierno-9-1024x613.jpeg 1024w, https:\/\/casapons.cat\/wp-content\/uploads\/2023\/10\/invierno-9-600x359.jpeg 600w, https:\/\/casapons.cat\/wp-content\/uploads\/2023\/10\/invierno-9-300x180.jpeg 300w, https:\/\/casapons.cat\/wp-content\/uploads\/2023\/10\/invierno-9-768x460.jpeg 768w, https:\/\/casapons.cat\/wp-content\/uploads\/2023\/10\/invierno-9.jpeg 1044w\" sizes=\"(max-width: 800px) 100vw, 800px\" \/>\t\t\t\t\t\t\t\t\t\t\t\t\t<\/div>\n\t\t\t\t<\/div>\n\t\t\t\t<\/div>\n\t\t\t\t\t<\/div>\n\t\t\t\t<\/div>\n\t\t<div class=\"elementor-element elementor-element-480371f e-flex e-con-boxed e-con e-parent\" data-id=\"480371f\" data-element_type=\"container\">\n\t\t\t\t\t<div class=\"e-con-inner\">\n\t\t<div class=\"elementor-element elementor-element-a4dd0a5 e-con-full e-flex e-con e-child\" data-id=\"a4dd0a5\" data-element_type=\"container\">\n\t\t\t\t<div class=\"elementor-element elementor-element-1f8121e de_scroll_animation_no elementor-widget elementor-widget-image\" data-id=\"1f8121e\" data-element_type=\"widget\" data-widget_type=\"image.default\">\n\t\t\t\t<div class=\"elementor-widget-container\">\n\t\t\t\t\t\t\t\t\t\t\t\t\t<img loading=\"lazy\" decoding=\"async\" width=\"800\" height=\"479\" src=\"https:\/\/casapons.cat\/wp-content\/uploads\/2023\/10\/otono-3-1024x613.jpg\" class=\"attachment-large size-large wp-image-258\" alt=\"\" srcset=\"https:\/\/casapons.cat\/wp-content\/uploads\/2023\/10\/otono-3-1024x613.jpg 1024w, https:\/\/casapons.cat\/wp-content\/uploads\/2023\/10\/otono-3-600x359.jpg 600w, https:\/\/casapons.cat\/wp-content\/uploads\/2023\/10\/otono-3-300x180.jpg 300w, https:\/\/casapons.cat\/wp-content\/uploads\/2023\/10\/otono-3-768x460.jpg 768w, https:\/\/casapons.cat\/wp-content\/uploads\/2023\/10\/otono-3.jpg 1044w\" sizes=\"(max-width: 800px) 100vw, 800px\" \/>\t\t\t\t\t\t\t\t\t\t\t\t\t<\/div>\n\t\t\t\t<\/div>\n\t\t\t\t<\/div>\n\t\t<div class=\"elementor-element elementor-element-8b0a626 e-con-full e-flex e-con e-child\" data-id=\"8b0a626\" data-element_type=\"container\">\n\t\t\t\t<div class=\"elementor-element elementor-element-53cf058 de_scroll_animation_no elementor-widget elementor-widget-image\" data-id=\"53cf058\" data-element_type=\"widget\" data-widget_type=\"image.default\">\n\t\t\t\t<div class=\"elementor-widget-container\">\n\t\t\t\t\t\t\t\t\t\t\t\t\t<img loading=\"lazy\" decoding=\"async\" width=\"800\" height=\"479\" src=\"https:\/\/casapons.cat\/wp-content\/uploads\/2023\/10\/otono-5-1024x613.jpg\" class=\"attachment-large size-large wp-image-259\" alt=\"\" srcset=\"https:\/\/casapons.cat\/wp-content\/uploads\/2023\/10\/otono-5-1024x613.jpg 1024w, https:\/\/casapons.cat\/wp-content\/uploads\/2023\/10\/otono-5-600x359.jpg 600w, https:\/\/casapons.cat\/wp-content\/uploads\/2023\/10\/otono-5-300x180.jpg 300w, https:\/\/casapons.cat\/wp-content\/uploads\/2023\/10\/otono-5-768x460.jpg 768w, https:\/\/casapons.cat\/wp-content\/uploads\/2023\/10\/otono-5.jpg 1044w\" sizes=\"(max-width: 800px) 100vw, 800px\" \/>\t\t\t\t\t\t\t\t\t\t\t\t\t<\/div>\n\t\t\t\t<\/div>\n\t\t\t\t<\/div>\n\t\t<div class=\"elementor-element elementor-element-4c4ed52 e-con-full e-flex e-con e-child\" data-id=\"4c4ed52\" data-element_type=\"container\">\n\t\t\t\t<div class=\"elementor-element elementor-element-1418ca1 de_scroll_animation_no elementor-widget elementor-widget-image\" data-id=\"1418ca1\" data-element_type=\"widget\" data-widget_type=\"image.default\">\n\t\t\t\t<div class=\"elementor-widget-container\">\n\t\t\t\t\t\t\t\t\t\t\t\t\t<img loading=\"lazy\" decoding=\"async\" width=\"800\" height=\"479\" src=\"https:\/\/casapons.cat\/wp-content\/uploads\/2023\/10\/otono-1024x613.jpg\" class=\"attachment-large size-large wp-image-260\" alt=\"\" srcset=\"https:\/\/casapons.cat\/wp-content\/uploads\/2023\/10\/otono-1024x613.jpg 1024w, https:\/\/casapons.cat\/wp-content\/uploads\/2023\/10\/otono-600x359.jpg 600w, https:\/\/casapons.cat\/wp-content\/uploads\/2023\/10\/otono-300x180.jpg 300w, https:\/\/casapons.cat\/wp-content\/uploads\/2023\/10\/otono-768x460.jpg 768w, https:\/\/casapons.cat\/wp-content\/uploads\/2023\/10\/otono.jpg 1044w\" sizes=\"(max-width: 800px) 100vw, 800px\" \/>\t\t\t\t\t\t\t\t\t\t\t\t\t<\/div>\n\t\t\t\t<\/div>\n\t\t\t\t<\/div>\n\t\t\t\t\t<\/div>\n\t\t\t\t<\/div>\n\t\t<div class=\"elementor-element elementor-element-8d8c470 e-flex e-con-boxed e-con e-parent\" data-id=\"8d8c470\" data-element_type=\"container\">\n\t\t\t\t\t<div class=\"e-con-inner\">\n\t\t<div class=\"elementor-element elementor-element-1326dea e-con-full e-flex e-con e-child\" data-id=\"1326dea\" data-element_type=\"container\">\n\t\t\t\t<div class=\"elementor-element elementor-element-c5a35eb de_scroll_animation_no elementor-widget elementor-widget-image\" data-id=\"c5a35eb\" data-element_type=\"widget\" data-widget_type=\"image.default\">\n\t\t\t\t<div class=\"elementor-widget-container\">\n\t\t\t\t\t\t\t\t\t\t\t\t\t<img loading=\"lazy\" decoding=\"async\" width=\"800\" height=\"600\" src=\"https:\/\/casapons.cat\/wp-content\/uploads\/2023\/10\/primavera-4-1024x768.jpeg\" class=\"attachment-large size-large wp-image-261\" alt=\"\" srcset=\"https:\/\/casapons.cat\/wp-content\/uploads\/2023\/10\/primavera-4-1024x768.jpeg 1024w, https:\/\/casapons.cat\/wp-content\/uploads\/2023\/10\/primavera-4-600x450.jpeg 600w, https:\/\/casapons.cat\/wp-content\/uploads\/2023\/10\/primavera-4-300x225.jpeg 300w, https:\/\/casapons.cat\/wp-content\/uploads\/2023\/10\/primavera-4-768x576.jpeg 768w, https:\/\/casapons.cat\/wp-content\/uploads\/2023\/10\/primavera-4.jpeg 1037w\" sizes=\"(max-width: 800px) 100vw, 800px\" \/>\t\t\t\t\t\t\t\t\t\t\t\t\t<\/div>\n\t\t\t\t<\/div>\n\t\t\t\t<\/div>\n\t\t<div class=\"elementor-element elementor-element-f581de4 e-con-full e-flex e-con e-child\" data-id=\"f581de4\" data-element_type=\"container\">\n\t\t\t\t<div class=\"elementor-element elementor-element-8e47697 de_scroll_animation_no elementor-widget elementor-widget-image\" data-id=\"8e47697\" data-element_type=\"widget\" data-widget_type=\"image.default\">\n\t\t\t\t<div class=\"elementor-widget-container\">\n\t\t\t\t\t\t\t\t\t\t\t\t\t<img loading=\"lazy\" decoding=\"async\" width=\"800\" height=\"600\" src=\"https:\/\/casapons.cat\/wp-content\/uploads\/2023\/10\/primavera-5-1024x768.jpeg\" class=\"attachment-large size-large wp-image-262\" alt=\"\" srcset=\"https:\/\/casapons.cat\/wp-content\/uploads\/2023\/10\/primavera-5-1024x768.jpeg 1024w, https:\/\/casapons.cat\/wp-content\/uploads\/2023\/10\/primavera-5-600x450.jpeg 600w, https:\/\/casapons.cat\/wp-content\/uploads\/2023\/10\/primavera-5-300x225.jpeg 300w, https:\/\/casapons.cat\/wp-content\/uploads\/2023\/10\/primavera-5-768x576.jpeg 768w, https:\/\/casapons.cat\/wp-content\/uploads\/2023\/10\/primavera-5.jpeg 1037w\" sizes=\"(max-width: 800px) 100vw, 800px\" \/>\t\t\t\t\t\t\t\t\t\t\t\t\t<\/div>\n\t\t\t\t<\/div>\n\t\t\t\t<\/div>\n\t\t<div class=\"elementor-element elementor-element-95e95dd e-con-full e-flex e-con e-child\" data-id=\"95e95dd\" data-element_type=\"container\">\n\t\t\t\t<div class=\"elementor-element elementor-element-721ee0d de_scroll_animation_no elementor-widget elementor-widget-image\" data-id=\"721ee0d\" data-element_type=\"widget\" data-widget_type=\"image.default\">\n\t\t\t\t<div class=\"elementor-widget-container\">\n\t\t\t\t\t\t\t\t\t\t\t\t\t<img loading=\"lazy\" decoding=\"async\" width=\"800\" height=\"479\" src=\"https:\/\/casapons.cat\/wp-content\/uploads\/2023\/10\/verano-2-1024x613.jpg\" class=\"attachment-large size-large wp-image-263\" alt=\"\" srcset=\"https:\/\/casapons.cat\/wp-content\/uploads\/2023\/10\/verano-2-1024x613.jpg 1024w, https:\/\/casapons.cat\/wp-content\/uploads\/2023\/10\/verano-2-600x359.jpg 600w, https:\/\/casapons.cat\/wp-content\/uploads\/2023\/10\/verano-2-300x180.jpg 300w, https:\/\/casapons.cat\/wp-content\/uploads\/2023\/10\/verano-2-768x460.jpg 768w, https:\/\/casapons.cat\/wp-content\/uploads\/2023\/10\/verano-2.jpg 1044w\" sizes=\"(max-width: 800px) 100vw, 800px\" \/>\t\t\t\t\t\t\t\t\t\t\t\t\t<\/div>\n\t\t\t\t<\/div>\n\t\t\t\t<\/div>\n\t\t\t\t\t<\/div>\n\t\t\t\t<\/div>\n\t\t\t\t<\/div>","protected":false},"excerpt":{"rendered":"<p>Table of contents Introduction It is one of the fourteen national parks in Spain and the only one in Catalonia. Location and Ecosystem Representation Located in the heart of the Pyrenees, together with the parks of Ordesa and Monte Perdido and the French Pyrenees, it is an excellent representation of the main ecosystems [...]<\/p>","protected":false},"author":1,"featured_media":0,"parent":76,"menu_order":0,"comment_status":"closed","ping_status":"closed","template":"elementor_header_footer","meta":{"footnotes":""},"class_list":["post-149","page","type-page","status-publish","hentry"],"_links":{"self":[{"href":"https:\/\/casapons.cat\/en\/wp-json\/wp\/v2\/pages\/149","targetHints":{"allow":["GET"]}}],"collection":[{"href":"https:\/\/casapons.cat\/en\/wp-json\/wp\/v2\/pages"}],"about":[{"href":"https:\/\/casapons.cat\/en\/wp-json\/wp\/v2\/types\/page"}],"author":[{"embeddable":true,"href":"https:\/\/casapons.cat\/en\/wp-json\/wp\/v2\/users\/1"}],"replies":[{"embeddable":true,"href":"https:\/\/casapons.cat\/en\/wp-json\/wp\/v2\/comments?post=149"}],"version-history":[{"count":13,"href":"https:\/\/casapons.cat\/en\/wp-json\/wp\/v2\/pages\/149\/revisions"}],"predecessor-version":[{"id":269,"href":"https:\/\/casapons.cat\/en\/wp-json\/wp\/v2\/pages\/149\/revisions\/269"}],"up":[{"embeddable":true,"href":"https:\/\/casapons.cat\/en\/wp-json\/wp\/v2\/pages\/76"}],"wp:attachment":[{"href":"https:\/\/casapons.cat\/en\/wp-json\/wp\/v2\/media?parent=149"}],"curies":[{"name":"wp","href":"https:\/\/api.w.org\/{rel}","templated":true}]}}