{"id":396,"date":"2023-11-06T11:53:24","date_gmt":"2023-11-06T10:53:24","guid":{"rendered":"https:\/\/casapons.cat\/?post_type=product&#038;p=396"},"modified":"2024-07-04T07:48:48","modified_gmt":"2024-07-04T05:48:48","slug":"apartamento-d","status":"publish","type":"product","link":"https:\/\/casapons.cat\/ca\/alojamiento\/apartamentos\/apartamento-d\/","title":{"rendered":"Apartament D"},"content":{"rendered":"<div data-elementor-type=\"page\" data-elementor-id=\"507\" class=\"elementor elementor-507\" data-elementor-post-type=\"elementor_library\">\n\t\t\t\t<div class=\"elementor-element elementor-element-838e8dc e-flex e-con-boxed e-con e-parent\" data-id=\"838e8dc\" data-element_type=\"container\">\n\t\t\t\t\t<div class=\"e-con-inner\">\n\t\t\t\t<div class=\"elementor-element elementor-element-cf56ca1 elementor-arrows-position-inside de_scroll_animation_no elementor-widget elementor-widget-image-carousel\" data-id=\"cf56ca1\" data-element_type=\"widget\" data-settings=\"{&quot;navigation&quot;:&quot;arrows&quot;,&quot;slides_to_show&quot;:&quot;5&quot;,&quot;autoplay&quot;:&quot;yes&quot;,&quot;pause_on_hover&quot;:&quot;yes&quot;,&quot;pause_on_interaction&quot;:&quot;yes&quot;,&quot;autoplay_speed&quot;:5000,&quot;infinite&quot;:&quot;yes&quot;,&quot;speed&quot;:500,&quot;image_spacing_custom&quot;:{&quot;unit&quot;:&quot;px&quot;,&quot;size&quot;:20,&quot;sizes&quot;:[]},&quot;image_spacing_custom_tablet&quot;:{&quot;unit&quot;:&quot;px&quot;,&quot;size&quot;:&quot;&quot;,&quot;sizes&quot;:[]},&quot;image_spacing_custom_mobile&quot;:{&quot;unit&quot;:&quot;px&quot;,&quot;size&quot;:&quot;&quot;,&quot;sizes&quot;:[]}}\" data-widget_type=\"image-carousel.default\">\n\t\t\t\t<div class=\"elementor-widget-container\">\n\t\t\t<style>\/*! elementor - v3.21.0 - 30-04-2024 *\/\n.elementor-widget-image-carousel .swiper,.elementor-widget-image-carousel .swiper-container{position:static}.elementor-widget-image-carousel .swiper-container .swiper-slide figure,.elementor-widget-image-carousel .swiper .swiper-slide figure{line-height:inherit}.elementor-widget-image-carousel .swiper-slide{text-align:center}.elementor-image-carousel-wrapper:not(.swiper-container-initialized):not(.swiper-initialized) .swiper-slide{max-width:calc(100% \/ var(--e-image-carousel-slides-to-show, 3))}<\/style>\t\t<div class=\"elementor-image-carousel-wrapper swiper\" dir=\"ltr\">\n\t\t\t<div class=\"elementor-image-carousel swiper-wrapper\" aria-live=\"off\">\n\t\t\t\t\t\t\t\t<div class=\"swiper-slide\" role=\"group\" aria-roledescription=\"slide\" aria-label=\"1 de 13\"><a data-elementor-open-lightbox=\"yes\" data-elementor-lightbox-slideshow=\"cf56ca1\" data-elementor-lightbox-title=\"APARTAMENTO D (30)\" data-e-action-hash=\"#elementor-action%3Aaction%3Dlightbox%26settings%3DeyJpZCI6NDgwLCJ1cmwiOiJodHRwczpcL1wvY2FzYXBvbnMuY2F0XC93cC1jb250ZW50XC91cGxvYWRzXC8yMDIzXC8xMVwvQVBBUlRBTUVOVE8tRC0zMC1zY2FsZWQuanBlZyIsInNsaWRlc2hvdyI6ImNmNTZjYTEifQ%3D%3D\" href=\"https:\/\/casapons.cat\/wp-content\/uploads\/2023\/11\/APARTAMENTO-D-30-scaled.jpeg\"><figure class=\"swiper-slide-inner\"><img decoding=\"async\" class=\"swiper-slide-image\" src=\"https:\/\/casapons.cat\/wp-content\/uploads\/2023\/11\/APARTAMENTO-D-30-576x1024.jpeg\" alt=\"APARTAMENTO D (30)\" \/><\/figure><\/a><\/div><div class=\"swiper-slide\" role=\"group\" aria-roledescription=\"slide\" aria-label=\"2 de 13\"><a data-elementor-open-lightbox=\"yes\" data-elementor-lightbox-slideshow=\"cf56ca1\" data-elementor-lightbox-title=\"APARTAMENTO D (26)\" data-e-action-hash=\"#elementor-action%3Aaction%3Dlightbox%26settings%3DeyJpZCI6NDc2LCJ1cmwiOiJodHRwczpcL1wvY2FzYXBvbnMuY2F0XC93cC1jb250ZW50XC91cGxvYWRzXC8yMDIzXC8xMVwvQVBBUlRBTUVOVE8tRC0yNi1zY2FsZWQuanBlZyIsInNsaWRlc2hvdyI6ImNmNTZjYTEifQ%3D%3D\" href=\"https:\/\/casapons.cat\/wp-content\/uploads\/2023\/11\/APARTAMENTO-D-26-scaled.jpeg\"><figure class=\"swiper-slide-inner\"><img decoding=\"async\" class=\"swiper-slide-image\" src=\"https:\/\/casapons.cat\/wp-content\/uploads\/2023\/11\/APARTAMENTO-D-26-576x1024.jpeg\" alt=\"APARTAMENTO D (26)\" \/><\/figure><\/a><\/div><div class=\"swiper-slide\" role=\"group\" aria-roledescription=\"slide\" aria-label=\"3 de 13\"><a data-elementor-open-lightbox=\"yes\" data-elementor-lightbox-slideshow=\"cf56ca1\" data-elementor-lightbox-title=\"APARTAMENTO D (25)\" data-e-action-hash=\"#elementor-action%3Aaction%3Dlightbox%26settings%3DeyJpZCI6NDc1LCJ1cmwiOiJodHRwczpcL1wvY2FzYXBvbnMuY2F0XC93cC1jb250ZW50XC91cGxvYWRzXC8yMDIzXC8xMVwvQVBBUlRBTUVOVE8tRC0yNS1zY2FsZWQuanBlZyIsInNsaWRlc2hvdyI6ImNmNTZjYTEifQ%3D%3D\" href=\"https:\/\/casapons.cat\/wp-content\/uploads\/2023\/11\/APARTAMENTO-D-25-scaled.jpeg\"><figure class=\"swiper-slide-inner\"><img decoding=\"async\" class=\"swiper-slide-image\" src=\"https:\/\/casapons.cat\/wp-content\/uploads\/2023\/11\/APARTAMENTO-D-25-576x1024.jpeg\" alt=\"APARTAMENTO D (25)\" \/><\/figure><\/a><\/div><div class=\"swiper-slide\" role=\"group\" aria-roledescription=\"slide\" aria-label=\"4 de 13\"><a data-elementor-open-lightbox=\"yes\" data-elementor-lightbox-slideshow=\"cf56ca1\" data-elementor-lightbox-title=\"APARTAMENTO D (24)\" data-e-action-hash=\"#elementor-action%3Aaction%3Dlightbox%26settings%3DeyJpZCI6NDc0LCJ1cmwiOiJodHRwczpcL1wvY2FzYXBvbnMuY2F0XC93cC1jb250ZW50XC91cGxvYWRzXC8yMDIzXC8xMVwvQVBBUlRBTUVOVE8tRC0yNC1zY2FsZWQuanBlZyIsInNsaWRlc2hvdyI6ImNmNTZjYTEifQ%3D%3D\" href=\"https:\/\/casapons.cat\/wp-content\/uploads\/2023\/11\/APARTAMENTO-D-24-scaled.jpeg\"><figure class=\"swiper-slide-inner\"><img decoding=\"async\" class=\"swiper-slide-image\" src=\"https:\/\/casapons.cat\/wp-content\/uploads\/2023\/11\/APARTAMENTO-D-24-576x1024.jpeg\" alt=\"APARTAMENTO D (24)\" \/><\/figure><\/a><\/div><div class=\"swiper-slide\" role=\"group\" aria-roledescription=\"slide\" aria-label=\"5 de 13\"><a data-elementor-open-lightbox=\"yes\" data-elementor-lightbox-slideshow=\"cf56ca1\" data-elementor-lightbox-title=\"APARTAMENTO D (20)\" data-e-action-hash=\"#elementor-action%3Aaction%3Dlightbox%26settings%3DeyJpZCI6NDcwLCJ1cmwiOiJodHRwczpcL1wvY2FzYXBvbnMuY2F0XC93cC1jb250ZW50XC91cGxvYWRzXC8yMDIzXC8xMVwvQVBBUlRBTUVOVE8tRC0yMC1zY2FsZWQuanBlZyIsInNsaWRlc2hvdyI6ImNmNTZjYTEifQ%3D%3D\" href=\"https:\/\/casapons.cat\/wp-content\/uploads\/2023\/11\/APARTAMENTO-D-20-scaled.jpeg\"><figure class=\"swiper-slide-inner\"><img decoding=\"async\" class=\"swiper-slide-image\" src=\"https:\/\/casapons.cat\/wp-content\/uploads\/2023\/11\/APARTAMENTO-D-20-576x1024.jpeg\" alt=\"APARTAMENTO D (20)\" \/><\/figure><\/a><\/div><div class=\"swiper-slide\" role=\"group\" aria-roledescription=\"slide\" aria-label=\"6 de 13\"><a data-elementor-open-lightbox=\"yes\" data-elementor-lightbox-slideshow=\"cf56ca1\" data-elementor-lightbox-title=\"APARTAMENTO D (18)\" data-e-action-hash=\"#elementor-action%3Aaction%3Dlightbox%26settings%3DeyJpZCI6NDY4LCJ1cmwiOiJodHRwczpcL1wvY2FzYXBvbnMuY2F0XC93cC1jb250ZW50XC91cGxvYWRzXC8yMDIzXC8xMVwvQVBBUlRBTUVOVE8tRC0xOC1zY2FsZWQuanBlZyIsInNsaWRlc2hvdyI6ImNmNTZjYTEifQ%3D%3D\" href=\"https:\/\/casapons.cat\/wp-content\/uploads\/2023\/11\/APARTAMENTO-D-18-scaled.jpeg\"><figure class=\"swiper-slide-inner\"><img decoding=\"async\" class=\"swiper-slide-image\" src=\"https:\/\/casapons.cat\/wp-content\/uploads\/2023\/11\/APARTAMENTO-D-18-576x1024.jpeg\" alt=\"APARTAMENTO D (18)\" \/><\/figure><\/a><\/div><div class=\"swiper-slide\" role=\"group\" aria-roledescription=\"slide\" aria-label=\"7 de 13\"><a data-elementor-open-lightbox=\"yes\" data-elementor-lightbox-slideshow=\"cf56ca1\" data-elementor-lightbox-title=\"APARTAMENTO D (17)\" data-e-action-hash=\"#elementor-action%3Aaction%3Dlightbox%26settings%3DeyJpZCI6NDY3LCJ1cmwiOiJodHRwczpcL1wvY2FzYXBvbnMuY2F0XC93cC1jb250ZW50XC91cGxvYWRzXC8yMDIzXC8xMVwvQVBBUlRBTUVOVE8tRC0xNy1zY2FsZWQuanBlZyIsInNsaWRlc2hvdyI6ImNmNTZjYTEifQ%3D%3D\" href=\"https:\/\/casapons.cat\/wp-content\/uploads\/2023\/11\/APARTAMENTO-D-17-scaled.jpeg\"><figure class=\"swiper-slide-inner\"><img decoding=\"async\" class=\"swiper-slide-image\" src=\"https:\/\/casapons.cat\/wp-content\/uploads\/2023\/11\/APARTAMENTO-D-17-576x1024.jpeg\" alt=\"APARTAMENTO D (17)\" \/><\/figure><\/a><\/div><div class=\"swiper-slide\" role=\"group\" aria-roledescription=\"slide\" aria-label=\"8 de 13\"><a data-elementor-open-lightbox=\"yes\" data-elementor-lightbox-slideshow=\"cf56ca1\" data-elementor-lightbox-title=\"APARTAMENTO D (16)\" data-e-action-hash=\"#elementor-action%3Aaction%3Dlightbox%26settings%3DeyJpZCI6NDY2LCJ1cmwiOiJodHRwczpcL1wvY2FzYXBvbnMuY2F0XC93cC1jb250ZW50XC91cGxvYWRzXC8yMDIzXC8xMVwvQVBBUlRBTUVOVE8tRC0xNi1zY2FsZWQuanBlZyIsInNsaWRlc2hvdyI6ImNmNTZjYTEifQ%3D%3D\" href=\"https:\/\/casapons.cat\/wp-content\/uploads\/2023\/11\/APARTAMENTO-D-16-scaled.jpeg\"><figure class=\"swiper-slide-inner\"><img decoding=\"async\" class=\"swiper-slide-image\" src=\"https:\/\/casapons.cat\/wp-content\/uploads\/2023\/11\/APARTAMENTO-D-16-576x1024.jpeg\" alt=\"APARTAMENTO D (16)\" \/><\/figure><\/a><\/div><div class=\"swiper-slide\" role=\"group\" aria-roledescription=\"slide\" aria-label=\"9 de 13\"><a data-elementor-open-lightbox=\"yes\" data-elementor-lightbox-slideshow=\"cf56ca1\" data-elementor-lightbox-title=\"APARTAMENTO D (13)\" data-e-action-hash=\"#elementor-action%3Aaction%3Dlightbox%26settings%3DeyJpZCI6NDYzLCJ1cmwiOiJodHRwczpcL1wvY2FzYXBvbnMuY2F0XC93cC1jb250ZW50XC91cGxvYWRzXC8yMDIzXC8xMVwvQVBBUlRBTUVOVE8tRC0xMy1zY2FsZWQuanBlZyIsInNsaWRlc2hvdyI6ImNmNTZjYTEifQ%3D%3D\" href=\"https:\/\/casapons.cat\/wp-content\/uploads\/2023\/11\/APARTAMENTO-D-13-scaled.jpeg\"><figure class=\"swiper-slide-inner\"><img decoding=\"async\" class=\"swiper-slide-image\" src=\"https:\/\/casapons.cat\/wp-content\/uploads\/2023\/11\/APARTAMENTO-D-13-576x1024.jpeg\" alt=\"APARTAMENTO D (13)\" \/><\/figure><\/a><\/div><div class=\"swiper-slide\" role=\"group\" aria-roledescription=\"slide\" aria-label=\"10 de 13\"><a data-elementor-open-lightbox=\"yes\" data-elementor-lightbox-slideshow=\"cf56ca1\" data-elementor-lightbox-title=\"APARTAMENTO D (11)\" data-e-action-hash=\"#elementor-action%3Aaction%3Dlightbox%26settings%3DeyJpZCI6NDYxLCJ1cmwiOiJodHRwczpcL1wvY2FzYXBvbnMuY2F0XC93cC1jb250ZW50XC91cGxvYWRzXC8yMDIzXC8xMVwvQVBBUlRBTUVOVE8tRC0xMS1zY2FsZWQuanBlZyIsInNsaWRlc2hvdyI6ImNmNTZjYTEifQ%3D%3D\" href=\"https:\/\/casapons.cat\/wp-content\/uploads\/2023\/11\/APARTAMENTO-D-11-scaled.jpeg\"><figure class=\"swiper-slide-inner\"><img decoding=\"async\" class=\"swiper-slide-image\" src=\"https:\/\/casapons.cat\/wp-content\/uploads\/2023\/11\/APARTAMENTO-D-11-576x1024.jpeg\" alt=\"APARTAMENTO D (11)\" \/><\/figure><\/a><\/div><div class=\"swiper-slide\" role=\"group\" aria-roledescription=\"slide\" aria-label=\"11 de 13\"><a data-elementor-open-lightbox=\"yes\" data-elementor-lightbox-slideshow=\"cf56ca1\" data-elementor-lightbox-title=\"APARTAMENTO D (7)\" data-e-action-hash=\"#elementor-action%3Aaction%3Dlightbox%26settings%3DeyJpZCI6NDU3LCJ1cmwiOiJodHRwczpcL1wvY2FzYXBvbnMuY2F0XC93cC1jb250ZW50XC91cGxvYWRzXC8yMDIzXC8xMVwvQVBBUlRBTUVOVE8tRC03LXNjYWxlZC5qcGVnIiwic2xpZGVzaG93IjoiY2Y1NmNhMSJ9\" href=\"https:\/\/casapons.cat\/wp-content\/uploads\/2023\/11\/APARTAMENTO-D-7-scaled.jpeg\"><figure class=\"swiper-slide-inner\"><img decoding=\"async\" class=\"swiper-slide-image\" src=\"https:\/\/casapons.cat\/wp-content\/uploads\/2023\/11\/APARTAMENTO-D-7-576x1024.jpeg\" alt=\"APARTAMENTO D (7)\" \/><\/figure><\/a><\/div><div class=\"swiper-slide\" role=\"group\" aria-roledescription=\"slide\" aria-label=\"12 de 13\"><a data-elementor-open-lightbox=\"yes\" data-elementor-lightbox-slideshow=\"cf56ca1\" data-elementor-lightbox-title=\"APARTAMENTO D (6)\" data-e-action-hash=\"#elementor-action%3Aaction%3Dlightbox%26settings%3DeyJpZCI6NDU2LCJ1cmwiOiJodHRwczpcL1wvY2FzYXBvbnMuY2F0XC93cC1jb250ZW50XC91cGxvYWRzXC8yMDIzXC8xMVwvQVBBUlRBTUVOVE8tRC02LXNjYWxlZC5qcGVnIiwic2xpZGVzaG93IjoiY2Y1NmNhMSJ9\" href=\"https:\/\/casapons.cat\/wp-content\/uploads\/2023\/11\/APARTAMENTO-D-6-scaled.jpeg\"><figure class=\"swiper-slide-inner\"><img decoding=\"async\" class=\"swiper-slide-image\" src=\"https:\/\/casapons.cat\/wp-content\/uploads\/2023\/11\/APARTAMENTO-D-6-576x1024.jpeg\" alt=\"APARTAMENTO D (6)\" \/><\/figure><\/a><\/div><div class=\"swiper-slide\" role=\"group\" aria-roledescription=\"slide\" aria-label=\"13 de 13\"><a data-elementor-open-lightbox=\"yes\" data-elementor-lightbox-slideshow=\"cf56ca1\" data-elementor-lightbox-title=\"APARTAMENTO D (3)\" data-e-action-hash=\"#elementor-action%3Aaction%3Dlightbox%26settings%3DeyJpZCI6NDUzLCJ1cmwiOiJodHRwczpcL1wvY2FzYXBvbnMuY2F0XC93cC1jb250ZW50XC91cGxvYWRzXC8yMDIzXC8xMVwvQVBBUlRBTUVOVE8tRC0zLXNjYWxlZC5qcGVnIiwic2xpZGVzaG93IjoiY2Y1NmNhMSJ9\" href=\"https:\/\/casapons.cat\/wp-content\/uploads\/2023\/11\/APARTAMENTO-D-3-scaled.jpeg\"><figure class=\"swiper-slide-inner\"><img decoding=\"async\" class=\"swiper-slide-image\" src=\"https:\/\/casapons.cat\/wp-content\/uploads\/2023\/11\/APARTAMENTO-D-3-576x1024.jpeg\" alt=\"APARTAMENTO D (3)\" \/><\/figure><\/a><\/div>\t\t\t<\/div>\n\t\t\t\t\t\t\t\t\t\t\t\t<div class=\"elementor-swiper-button elementor-swiper-button-prev\" role=\"button\" tabindex=\"0\">\n\t\t\t\t\t\t<i aria-hidden=\"true\" class=\"eicon-chevron-left\"><\/i>\t\t\t\t\t<\/div>\n\t\t\t\t\t<div class=\"elementor-swiper-button elementor-swiper-button-next\" role=\"button\" tabindex=\"0\">\n\t\t\t\t\t\t<i aria-hidden=\"true\" class=\"eicon-chevron-right\"><\/i>\t\t\t\t\t<\/div>\n\t\t\t\t\n\t\t\t\t\t\t\t\t\t<\/div>\n\t\t\t\t<\/div>\n\t\t\t\t<\/div>\n\t\t\t\t\t<\/div>\n\t\t\t\t<\/div>\n\t\t\t\t<\/div>\n\t\t\n<p>Descobreixi la seva escapada ideal en aquest acollidor apartament de vacances situat al pintoresc poble de Durro, un tresor amagat a les valls dels Pirineus d&#039;Espanya. Amb una arquitectura que celebra la fusta i la pedra, cada rac\u00f3 d&#039;aquest espai ha estat dissenyat acuradament per oferir confort i calidesa.<\/p>\n<p>En creuar el llindar, ser\u00e0 rebut per una \u00e0mplia sala d&#039;estar que promet ser el rac\u00f3 de descans despr\u00e9s d&#039;un dia explorant les belleses naturals de la regi\u00f3. La llum natural banya l&#039;interior i real\u00e7a un disseny que honra la simplicitat i la funcionalitat. La sala es complementa amb un televisor i un c\u00f2mode sof\u00e0, convidant a moments de relaxaci\u00f3 i entreteniment.<\/p>\n<p>Adjacent a la sala, es desplega una cuina oberta, completament equipada amb electrodom\u00e8stics moderns, que inclouen una nevera d\u00b4acer inoxidable, un forn i una estufa integrada que esperen el toc del xef viatger. La barra d&#039;esmorzar proporciona un espai \u00edntim per assaborir una copa de vi local o un caf\u00e8 matut\u00ed, mentre que l&#039;\u00e0rea de menjador amb taula de fusta \u00e9s el lloc perfecte per a banquets familiars o un sopar rom\u00e0ntic.<\/p>\n<p>El bany, de rajoles terracota, combina funcionalitat amb un toc de luxe, oferint una dutxa \u00e0mplia, un lavabo amb mirall i la comoditat addicional d&#039;una rentadora, garantint que totes les necessitats de la vostra estada estiguin cobertes.<\/p>\n<p>Pujant les escales, trobareu el dormitori principal: un santuari ser\u00e8 sota sostres voltats de fusta, prometent nits de descans profund. El mobiliari de fusta massissa, des de l&#039;armari fins a les tauletes de nit, evoca l&#039;ess\u00e8ncia de la vida a la muntanya, mentre que la finestra del sostre emmarca les estrelles, afegint-hi un toc m\u00e0gic a l&#039;habitaci\u00f3.<\/p>\n<p>Aquest apartament no \u00e9s nom\u00e9s un lloc per allotjar-s&#039;hi, \u00e9s un espai per viure i crear records que perduraran molt despr\u00e9s que les maletes estiguin desempacades. Si busqueu una experi\u00e8ncia que combini l&#039;aventura a l&#039;aire lliure amb la comoditat casolana, aquest refugi a Durro us espera per descobrir i gaudir.<\/p>","protected":false},"excerpt":{"rendered":"<p>Benvinguts al seu refugi entre muntanyes, un encantador apartament de vacances al cor de Durro, Espanya, on cada finestra obre un di\u00e0leg amb el cel i la terra. Aqu\u00ed, on l&#039;aire fresc dels Pirineus et xiuxiueja hist\u00f2ries ancestrals, el proper cap\u00edtol d&#039;aventura i relax espera. Troba la teva oasi en aquesta llar lluny de casa, perfectament fusionat amb la comoditat moderna i l&#039;\u00e0nima r\u00fastica del seu entorn.<\/p>\n<table>\n<tbody>\n<tr>\n<th>Concepte<\/th>\n<th>Detall<\/th>\n<\/tr>\n<tr>\n<td>Temporada Alta<\/td>\n<td>139\u20ac \/ noche<\/td>\n<\/tr>\n<tr>\n<td>Temporada Baixa<\/td>\n<td>109\u20ac \/ noche<\/td>\n<\/tr>\n<tr>\n<td>Limpieza<\/td>\n<td>59\u20ac<\/td>\n<\/tr>\n<tr>\n<td>Taxa Tur\u00edstica<\/td>\n<td>1\u20ac \/ noche por persona mayor de 17 a\u00f1os<\/td>\n<\/tr>\n<tr>\n<td>N\u00ba M\u00e0xim de Persones<\/td>\n<td>6<\/td>\n<\/tr>\n<tr>\n<td>M\u00ednimo de Noches<\/td>\n<td>2<\/td>\n<\/tr>\n<\/tbody>\n<\/table>\n<p>* Temporada alta: Setmana Santa, ponts i per\u00edodes del 20\/07 al 30\/08 i del 01\/12 al 28\/02<br \/>\n* Temporada baixa: La resta de l&#039;any<br \/>\n* El m\u00ednimo de noches en temporada alta y algunos fines de semana puede ser de 3 o 4 noches<br \/>\n* Los precios\/noche son orientativos y pueden variar seg\u00fan fechas espec\u00edficas<\/p>","protected":false},"featured_media":481,"comment_status":"open","ping_status":"closed","template":"","meta":[],"product_cat":[22],"product_tag":[],"class_list":{"0":"post-396","1":"product","2":"type-product","3":"status-publish","4":"has-post-thumbnail","6":"product_cat-apartamentos","8":"first","9":"instock","10":"shipping-taxable","11":"purchasable","12":"product-type-simple"},"_links":{"self":[{"href":"https:\/\/casapons.cat\/ca\/wp-json\/wp\/v2\/product\/396","targetHints":{"allow":["GET"]}}],"collection":[{"href":"https:\/\/casapons.cat\/ca\/wp-json\/wp\/v2\/product"}],"about":[{"href":"https:\/\/casapons.cat\/ca\/wp-json\/wp\/v2\/types\/product"}],"replies":[{"embeddable":true,"href":"https:\/\/casapons.cat\/ca\/wp-json\/wp\/v2\/comments?post=396"}],"wp:featuredmedia":[{"embeddable":true,"href":"https:\/\/casapons.cat\/ca\/wp-json\/wp\/v2\/media\/481"}],"wp:attachment":[{"href":"https:\/\/casapons.cat\/ca\/wp-json\/wp\/v2\/media?parent=396"}],"wp:term":[{"taxonomy":"product_cat","embeddable":true,"href":"https:\/\/casapons.cat\/ca\/wp-json\/wp\/v2\/product_cat?post=396"},{"taxonomy":"product_tag","embeddable":true,"href":"https:\/\/casapons.cat\/ca\/wp-json\/wp\/v2\/product_tag?post=396"}],"curies":[{"name":"wp","href":"https:\/\/api.w.org\/{rel}","templated":true}]}}