{"id":395,"date":"2023-11-06T11:53:25","date_gmt":"2023-11-06T10:53:25","guid":{"rendered":"https:\/\/casapons.cat\/?post_type=product&#038;p=395"},"modified":"2024-07-04T07:42:02","modified_gmt":"2024-07-04T05:42:02","slug":"apartamento-c","status":"publish","type":"product","link":"https:\/\/casapons.cat\/ca\/alojamiento\/apartamentos\/apartamento-c\/","title":{"rendered":"Apartament C"},"content":{"rendered":"<div data-elementor-type=\"page\" data-elementor-id=\"506\" class=\"elementor elementor-506\" data-elementor-post-type=\"elementor_library\">\n\t\t\t\t<div class=\"elementor-element elementor-element-69c2390 e-flex e-con-boxed e-con e-parent\" data-id=\"69c2390\" data-element_type=\"container\">\n\t\t\t\t\t<div class=\"e-con-inner\">\n\t\t\t\t<div class=\"elementor-element elementor-element-5ad19bd elementor-arrows-position-inside de_scroll_animation_no elementor-widget elementor-widget-image-carousel\" data-id=\"5ad19bd\" data-element_type=\"widget\" data-settings=\"{&quot;navigation&quot;:&quot;arrows&quot;,&quot;slides_to_show&quot;:&quot;5&quot;,&quot;autoplay&quot;:&quot;yes&quot;,&quot;pause_on_hover&quot;:&quot;yes&quot;,&quot;pause_on_interaction&quot;:&quot;yes&quot;,&quot;autoplay_speed&quot;:5000,&quot;infinite&quot;:&quot;yes&quot;,&quot;speed&quot;:500,&quot;image_spacing_custom&quot;:{&quot;unit&quot;:&quot;px&quot;,&quot;size&quot;:20,&quot;sizes&quot;:[]},&quot;image_spacing_custom_tablet&quot;:{&quot;unit&quot;:&quot;px&quot;,&quot;size&quot;:&quot;&quot;,&quot;sizes&quot;:[]},&quot;image_spacing_custom_mobile&quot;:{&quot;unit&quot;:&quot;px&quot;,&quot;size&quot;:&quot;&quot;,&quot;sizes&quot;:[]}}\" data-widget_type=\"image-carousel.default\">\n\t\t\t\t<div class=\"elementor-widget-container\">\n\t\t\t<style>\/*! elementor - v3.21.0 - 30-04-2024 *\/\n.elementor-widget-image-carousel .swiper,.elementor-widget-image-carousel .swiper-container{position:static}.elementor-widget-image-carousel .swiper-container .swiper-slide figure,.elementor-widget-image-carousel .swiper .swiper-slide figure{line-height:inherit}.elementor-widget-image-carousel .swiper-slide{text-align:center}.elementor-image-carousel-wrapper:not(.swiper-container-initialized):not(.swiper-initialized) .swiper-slide{max-width:calc(100% \/ var(--e-image-carousel-slides-to-show, 3))}<\/style>\t\t<div class=\"elementor-image-carousel-wrapper swiper\" dir=\"ltr\">\n\t\t\t<div class=\"elementor-image-carousel swiper-wrapper\" aria-live=\"off\">\n\t\t\t\t\t\t\t\t<div class=\"swiper-slide\" role=\"group\" aria-roledescription=\"slide\" aria-label=\"1 de 4\"><a data-elementor-open-lightbox=\"yes\" data-elementor-lightbox-slideshow=\"5ad19bd\" data-elementor-lightbox-title=\"APARTAMENTO C (2)\" data-e-action-hash=\"#elementor-action%3Aaction%3Dlightbox%26settings%3DeyJpZCI6NDQxLCJ1cmwiOiJodHRwczpcL1wvY2FzYXBvbnMuY2F0XC93cC1jb250ZW50XC91cGxvYWRzXC8yMDIzXC8xMVwvQVBBUlRBTUVOVE8tQy0yLXNjYWxlZC5qcGVnIiwic2xpZGVzaG93IjoiNWFkMTliZCJ9\" href=\"https:\/\/casapons.cat\/wp-content\/uploads\/2023\/11\/APARTAMENTO-C-2-scaled.jpeg\"><figure class=\"swiper-slide-inner\"><img decoding=\"async\" class=\"swiper-slide-image\" src=\"https:\/\/casapons.cat\/wp-content\/uploads\/2023\/11\/APARTAMENTO-C-2-576x1024.jpeg\" alt=\"APARTAMENTO C (2)\" \/><\/figure><\/a><\/div><div class=\"swiper-slide\" role=\"group\" aria-roledescription=\"slide\" aria-label=\"2 de 4\"><a data-elementor-open-lightbox=\"yes\" data-elementor-lightbox-slideshow=\"5ad19bd\" data-elementor-lightbox-title=\"APARTAMENTO C (4)\" data-e-action-hash=\"#elementor-action%3Aaction%3Dlightbox%26settings%3DeyJpZCI6NDQzLCJ1cmwiOiJodHRwczpcL1wvY2FzYXBvbnMuY2F0XC93cC1jb250ZW50XC91cGxvYWRzXC8yMDIzXC8xMVwvQVBBUlRBTUVOVE8tQy00LXNjYWxlZC5qcGVnIiwic2xpZGVzaG93IjoiNWFkMTliZCJ9\" href=\"https:\/\/casapons.cat\/wp-content\/uploads\/2023\/11\/APARTAMENTO-C-4-scaled.jpeg\"><figure class=\"swiper-slide-inner\"><img decoding=\"async\" class=\"swiper-slide-image\" src=\"https:\/\/casapons.cat\/wp-content\/uploads\/2023\/11\/APARTAMENTO-C-4-576x1024.jpeg\" alt=\"APARTAMENTO C (4)\" \/><\/figure><\/a><\/div><div class=\"swiper-slide\" role=\"group\" aria-roledescription=\"slide\" aria-label=\"3 de 4\"><a data-elementor-open-lightbox=\"yes\" data-elementor-lightbox-slideshow=\"5ad19bd\" data-elementor-lightbox-title=\"APARTAMENTO C (8)\" data-e-action-hash=\"#elementor-action%3Aaction%3Dlightbox%26settings%3DeyJpZCI6NDQ3LCJ1cmwiOiJodHRwczpcL1wvY2FzYXBvbnMuY2F0XC93cC1jb250ZW50XC91cGxvYWRzXC8yMDIzXC8xMVwvQVBBUlRBTUVOVE8tQy04LXNjYWxlZC5qcGVnIiwic2xpZGVzaG93IjoiNWFkMTliZCJ9\" href=\"https:\/\/casapons.cat\/wp-content\/uploads\/2023\/11\/APARTAMENTO-C-8-scaled.jpeg\"><figure class=\"swiper-slide-inner\"><img decoding=\"async\" class=\"swiper-slide-image\" src=\"https:\/\/casapons.cat\/wp-content\/uploads\/2023\/11\/APARTAMENTO-C-8-576x1024.jpeg\" alt=\"APARTAMENTO C (8)\" \/><\/figure><\/a><\/div><div class=\"swiper-slide\" role=\"group\" aria-roledescription=\"slide\" aria-label=\"4 de 4\"><a data-elementor-open-lightbox=\"yes\" data-elementor-lightbox-slideshow=\"5ad19bd\" data-elementor-lightbox-title=\"APARTAMENTO C (11)\" data-e-action-hash=\"#elementor-action%3Aaction%3Dlightbox%26settings%3DeyJpZCI6NDUwLCJ1cmwiOiJodHRwczpcL1wvY2FzYXBvbnMuY2F0XC93cC1jb250ZW50XC91cGxvYWRzXC8yMDIzXC8xMVwvQVBBUlRBTUVOVE8tQy0xMS1zY2FsZWQuanBlZyIsInNsaWRlc2hvdyI6IjVhZDE5YmQifQ%3D%3D\" href=\"https:\/\/casapons.cat\/wp-content\/uploads\/2023\/11\/APARTAMENTO-C-11-scaled.jpeg\"><figure class=\"swiper-slide-inner\"><img decoding=\"async\" class=\"swiper-slide-image\" src=\"https:\/\/casapons.cat\/wp-content\/uploads\/2023\/11\/APARTAMENTO-C-11-576x1024.jpeg\" alt=\"APARTAMENTO C (11)\" \/><\/figure><\/a><\/div>\t\t\t<\/div>\n\t\t\t\t\t\t\t\t\t\t\t\t<div class=\"elementor-swiper-button elementor-swiper-button-prev\" role=\"button\" tabindex=\"0\">\n\t\t\t\t\t\t<i aria-hidden=\"true\" class=\"eicon-chevron-left\"><\/i>\t\t\t\t\t<\/div>\n\t\t\t\t\t<div class=\"elementor-swiper-button elementor-swiper-button-next\" role=\"button\" tabindex=\"0\">\n\t\t\t\t\t\t<i aria-hidden=\"true\" class=\"eicon-chevron-right\"><\/i>\t\t\t\t\t<\/div>\n\t\t\t\t\n\t\t\t\t\t\t\t\t\t<\/div>\n\t\t\t\t<\/div>\n\t\t\t\t<\/div>\n\t\t\t\t\t<\/div>\n\t\t\t\t<\/div>\n\t\t\t\t<\/div>\n\t\t\n<p>Imagina&#039;t despertar en una habitaci\u00f3 acollidora, on els primers raigs del sol es colen a trav\u00e9s d&#039;una cortina brodada, anunciant un dia ple d&#039;aventures a les muntanyes de Durro. Aquest apartament, la teva propera parada de vacances, t&#039;ofereix no nom\u00e9s un descans reparador a la seva confortable habitaci\u00f3 amb armari de fusta i un llit amb convidats t\u00e8xtils, sin\u00f3 tamb\u00e9 una experi\u00e8ncia casolana amb totes les comoditats que necessites.<\/p>\n<p>La sala d&#039;estar us rep amb un sof\u00e0 adornat amb mantes que conviden a relaxar-vos, mentre la llum natural flueix a trav\u00e9s del finestral amb vistes als tranquils voltants. Un menjador de fusta al costat d\u00b4una cuina completament equipada est\u00e0 llest perqu\u00e8 preparis des d\u00b4un esmorzar r\u00e0pid fins a un sopar elaborat, gaudint de l\u00b4autonomia que la teva estada mereix.<\/p>\n<p>El bany modern i funcional, amb els seus acabats polits i una cabina de dutxa cristal\u00b7lina, est\u00e0 llest per refrescar-te abans de sortir a explorar o per relaxar-te en tornar. Cada espai ha estat pensat per combinar funcionalitat i estil, assegurant que cada moment de la teva visita sigui tan plaent com la vista de les muntanyes que t&#039;espera fora.<\/p>\n<p>En aquest apartament, cada detall explica la hist\u00f2ria d&#039;un lloc dissenyat per ser m\u00e9s que un lloc per dormir, sin\u00f3 un espai per viure, riure i crear records que perduraran molt despr\u00e9s que les maletes estiguin desempacades. Reserva la teva estada i deixa&#039;t captivar per la bellesa de Durro, amb la comoditat d&#039;una llar lluny de casa.<\/p>","protected":false},"excerpt":{"rendered":"<p>Benvingut a la teva escapada muntanyenca a Durro, Espanya. Aquest acollidor apartament de vacances t&#039;envolta amb l&#039;encant r\u00fastic dels seus mobles de fusta i la calidesa de la decoraci\u00f3, prometent ser el teu refugi perfecte despr\u00e9s d&#039;un dia explorant els paisatges majestuosos del Pirineu.<\/p>\n<table>\n<tbody>\n<tr>\n<th>Concepte<\/th>\n<th>Detall<\/th>\n<\/tr>\n<tr>\n<td>Temporada Alta<\/td>\n<td>109\u20ac \/ noche<\/td>\n<\/tr>\n<tr>\n<td>Temporada Baixa<\/td>\n<td>84\u20ac \/ noche<\/td>\n<\/tr>\n<tr>\n<td>Limpieza<\/td>\n<td>59\u20ac<\/td>\n<\/tr>\n<tr>\n<td>Taxa Tur\u00edstica<\/td>\n<td>1\u20ac \/ noche por persona mayor de 17 a\u00f1os<\/td>\n<\/tr>\n<tr>\n<td>N\u00ba M\u00e0xim de Persones<\/td>\n<td>4<\/td>\n<\/tr>\n<tr>\n<td>M\u00ednimo de Noches<\/td>\n<td>2<\/td>\n<\/tr>\n<\/tbody>\n<\/table>\n<p>* Temporada alta: Setmana Santa, ponts i per\u00edodes del 20\/07 al 30\/08 i del 01\/12 al 28\/02<br \/>\n* Temporada baixa: La resta de l&#039;any<br \/>\n* El m\u00ednimo de noches en temporada alta y algunos fines de semana puede ser de 3 o 4 noches<br \/>\n* Los precios\/noche son orientativos y pueden variar seg\u00fan fechas espec\u00edficas<\/p>","protected":false},"featured_media":449,"comment_status":"open","ping_status":"closed","template":"","meta":[],"product_cat":[22],"product_tag":[],"class_list":{"0":"post-395","1":"product","2":"type-product","3":"status-publish","4":"has-post-thumbnail","6":"product_cat-apartamentos","8":"first","9":"instock","10":"shipping-taxable","11":"purchasable","12":"product-type-simple"},"_links":{"self":[{"href":"https:\/\/casapons.cat\/ca\/wp-json\/wp\/v2\/product\/395","targetHints":{"allow":["GET"]}}],"collection":[{"href":"https:\/\/casapons.cat\/ca\/wp-json\/wp\/v2\/product"}],"about":[{"href":"https:\/\/casapons.cat\/ca\/wp-json\/wp\/v2\/types\/product"}],"replies":[{"embeddable":true,"href":"https:\/\/casapons.cat\/ca\/wp-json\/wp\/v2\/comments?post=395"}],"wp:featuredmedia":[{"embeddable":true,"href":"https:\/\/casapons.cat\/ca\/wp-json\/wp\/v2\/media\/449"}],"wp:attachment":[{"href":"https:\/\/casapons.cat\/ca\/wp-json\/wp\/v2\/media?parent=395"}],"wp:term":[{"taxonomy":"product_cat","embeddable":true,"href":"https:\/\/casapons.cat\/ca\/wp-json\/wp\/v2\/product_cat?post=395"},{"taxonomy":"product_tag","embeddable":true,"href":"https:\/\/casapons.cat\/ca\/wp-json\/wp\/v2\/product_tag?post=395"}],"curies":[{"name":"wp","href":"https:\/\/api.w.org\/{rel}","templated":true}]}}