{"id":394,"date":"2023-11-06T11:53:27","date_gmt":"2023-11-06T10:53:27","guid":{"rendered":"https:\/\/casapons.cat\/?post_type=product&#038;p=394"},"modified":"2024-07-05T05:12:13","modified_gmt":"2024-07-05T03:12:13","slug":"apartamento-b","status":"publish","type":"product","link":"https:\/\/casapons.cat\/ca\/alojamiento\/apartamentos\/apartamento-b\/","title":{"rendered":"Apartament B"},"content":{"rendered":"<div data-elementor-type=\"page\" data-elementor-id=\"505\" class=\"elementor elementor-505\" data-elementor-post-type=\"elementor_library\">\n\t\t\t\t<div class=\"elementor-element elementor-element-ec7e281 e-flex e-con-boxed e-con e-parent\" data-id=\"ec7e281\" data-element_type=\"container\">\n\t\t\t\t\t<div class=\"e-con-inner\">\n\t\t\t\t<div class=\"elementor-element elementor-element-0689c05 elementor-arrows-position-inside de_scroll_animation_no elementor-widget elementor-widget-image-carousel\" data-id=\"0689c05\" data-element_type=\"widget\" data-settings=\"{&quot;navigation&quot;:&quot;arrows&quot;,&quot;slides_to_show&quot;:&quot;5&quot;,&quot;autoplay&quot;:&quot;yes&quot;,&quot;pause_on_hover&quot;:&quot;yes&quot;,&quot;pause_on_interaction&quot;:&quot;yes&quot;,&quot;autoplay_speed&quot;:5000,&quot;infinite&quot;:&quot;yes&quot;,&quot;speed&quot;:500,&quot;image_spacing_custom&quot;:{&quot;unit&quot;:&quot;px&quot;,&quot;size&quot;:20,&quot;sizes&quot;:[]},&quot;image_spacing_custom_tablet&quot;:{&quot;unit&quot;:&quot;px&quot;,&quot;size&quot;:&quot;&quot;,&quot;sizes&quot;:[]},&quot;image_spacing_custom_mobile&quot;:{&quot;unit&quot;:&quot;px&quot;,&quot;size&quot;:&quot;&quot;,&quot;sizes&quot;:[]}}\" data-widget_type=\"image-carousel.default\">\n\t\t\t\t<div class=\"elementor-widget-container\">\n\t\t\t<style>\/*! elementor - v3.21.0 - 30-04-2024 *\/\n.elementor-widget-image-carousel .swiper,.elementor-widget-image-carousel .swiper-container{position:static}.elementor-widget-image-carousel .swiper-container .swiper-slide figure,.elementor-widget-image-carousel .swiper .swiper-slide figure{line-height:inherit}.elementor-widget-image-carousel .swiper-slide{text-align:center}.elementor-image-carousel-wrapper:not(.swiper-container-initialized):not(.swiper-initialized) .swiper-slide{max-width:calc(100% \/ var(--e-image-carousel-slides-to-show, 3))}<\/style>\t\t<div class=\"elementor-image-carousel-wrapper swiper\" dir=\"ltr\">\n\t\t\t<div class=\"elementor-image-carousel swiper-wrapper\" aria-live=\"off\">\n\t\t\t\t\t\t\t\t<div class=\"swiper-slide\" role=\"group\" aria-roledescription=\"slide\" aria-label=\"1 de 3\"><a data-elementor-open-lightbox=\"yes\" data-elementor-lightbox-slideshow=\"0689c05\" data-elementor-lightbox-title=\"APARTAMENTO B (11)\" data-e-action-hash=\"#elementor-action%3Aaction%3Dlightbox%26settings%3DeyJpZCI6NDI2LCJ1cmwiOiJodHRwczpcL1wvY2FzYXBvbnMuY2F0XC93cC1jb250ZW50XC91cGxvYWRzXC8yMDIzXC8xMVwvQVBBUlRBTUVOVE8tQi0xMS1zY2FsZWQuanBlZyIsInNsaWRlc2hvdyI6IjA2ODljMDUifQ%3D%3D\" href=\"https:\/\/casapons.cat\/wp-content\/uploads\/2023\/11\/APARTAMENTO-B-11-scaled.jpeg\"><figure class=\"swiper-slide-inner\"><img decoding=\"async\" class=\"swiper-slide-image\" src=\"https:\/\/casapons.cat\/wp-content\/uploads\/2023\/11\/APARTAMENTO-B-11-576x1024.jpeg\" alt=\"APARTAMENTO B (11)\" \/><\/figure><\/a><\/div><div class=\"swiper-slide\" role=\"group\" aria-roledescription=\"slide\" aria-label=\"2 de 3\"><a data-elementor-open-lightbox=\"yes\" data-elementor-lightbox-slideshow=\"0689c05\" data-elementor-lightbox-title=\"APARTAMENTO B (14)\" data-e-action-hash=\"#elementor-action%3Aaction%3Dlightbox%26settings%3DeyJpZCI6NDI5LCJ1cmwiOiJodHRwczpcL1wvY2FzYXBvbnMuY2F0XC93cC1jb250ZW50XC91cGxvYWRzXC8yMDIzXC8xMVwvQVBBUlRBTUVOVE8tQi0xNC1zY2FsZWQuanBlZyIsInNsaWRlc2hvdyI6IjA2ODljMDUifQ%3D%3D\" href=\"https:\/\/casapons.cat\/wp-content\/uploads\/2023\/11\/APARTAMENTO-B-14-scaled.jpeg\"><figure class=\"swiper-slide-inner\"><img decoding=\"async\" class=\"swiper-slide-image\" src=\"https:\/\/casapons.cat\/wp-content\/uploads\/2023\/11\/APARTAMENTO-B-14-576x1024.jpeg\" alt=\"APARTAMENTO B (14)\" \/><\/figure><\/a><\/div><div class=\"swiper-slide\" role=\"group\" aria-roledescription=\"slide\" aria-label=\"3 de 3\"><a data-elementor-open-lightbox=\"yes\" data-elementor-lightbox-slideshow=\"0689c05\" data-elementor-lightbox-title=\"APARTAMENTO B (20)\" data-e-action-hash=\"#elementor-action%3Aaction%3Dlightbox%26settings%3DeyJpZCI6NDM1LCJ1cmwiOiJodHRwczpcL1wvY2FzYXBvbnMuY2F0XC93cC1jb250ZW50XC91cGxvYWRzXC8yMDIzXC8xMVwvQVBBUlRBTUVOVE8tQi0yMC1zY2FsZWQuanBlZyIsInNsaWRlc2hvdyI6IjA2ODljMDUifQ%3D%3D\" href=\"https:\/\/casapons.cat\/wp-content\/uploads\/2023\/11\/APARTAMENTO-B-20-scaled.jpeg\"><figure class=\"swiper-slide-inner\"><img decoding=\"async\" class=\"swiper-slide-image\" src=\"https:\/\/casapons.cat\/wp-content\/uploads\/2023\/11\/APARTAMENTO-B-20-576x1024.jpeg\" alt=\"APARTAMENTO B (20)\" \/><\/figure><\/a><\/div>\t\t\t<\/div>\n\t\t\t\t\t\t\t\t\t\t\t\t<div class=\"elementor-swiper-button elementor-swiper-button-prev\" role=\"button\" tabindex=\"0\">\n\t\t\t\t\t\t<i aria-hidden=\"true\" class=\"eicon-chevron-left\"><\/i>\t\t\t\t\t<\/div>\n\t\t\t\t\t<div class=\"elementor-swiper-button elementor-swiper-button-next\" role=\"button\" tabindex=\"0\">\n\t\t\t\t\t\t<i aria-hidden=\"true\" class=\"eicon-chevron-right\"><\/i>\t\t\t\t\t<\/div>\n\t\t\t\t\n\t\t\t\t\t\t\t\t\t<\/div>\n\t\t\t\t<\/div>\n\t\t\t\t<\/div>\n\t\t\t\t\t<\/div>\n\t\t\t\t<\/div>\n\t\t\t\t<\/div>\n\t\t\n<p>Benvingut a la teva propera fuita de vacances a Durro, un pintoresc rac\u00f3 de la Vall de Bo\u00ed als Pirineus d&#039;Espanya. Aquest apartament encantador ofereix un balan\u00e7 perfecte entre tradici\u00f3 i confort, amb els seus sostres de fusta que traspuen un car\u00e0cter r\u00fastic i terres de terracota que reflecteixen la llum natural que entra a dojo per les finestres.<\/p>\n<p>L&#039;espai est\u00e0 dissenyat per allotjar grups o fam\u00edlies, amb una capacitat de fins a quatre persones. L&#039;habitaci\u00f3 principal us convida a descansar pl\u00e0cidament amb els suaus llits i coixins, mentre que la segona habitaci\u00f3, amb la seva il\u00b7luminaci\u00f3 t\u00e8nue, ofereix un refugi acollidor despr\u00e9s d&#039;un dia d&#039;exploraci\u00f3. El bany est\u00e0 equipat amb totes les comoditats necess\u00e0ries, incloent-hi una dutxa calenta que espera relaxar els teus m\u00fasculs despr\u00e9s de rec\u00f3rrer les rutes de muntanya properes.<\/p>\n<p>El sal\u00f3 \u00e9s el cor de l&#039;apartament, amb un ampli espai per compartir menjars, jugar a jocs de taula, o simplement gaudir de la companyia dels teus \u00e9ssers estimats. La cuina, funcional i totalment equipada, us permet preparar des d&#039;un r\u00e0pid esmorzar fins a un sopar elaborat amb productes locals. I no oblidem la xemeneia, perfecta per a aquestes nits fresques on la calor del foc de llenya acompanya les hist\u00f2ries i les copes de vi.<\/p>\n<p>Situat en un enclavament privilegiat, estar\u00e0s a un pas de les millors rutes de senderisme, pistes d\u00b4esqu\u00ed i el ric patrimoni cultural de la regi\u00f3, incloent les famoses esgl\u00e9sies rom\u00e0niques, Patrimoni de la Humanitat per la UNESCO.<\/p>\n<p>Aquest apartament no \u00e9s nom\u00e9s un lloc on allotjar-se, \u00e9s una experi\u00e8ncia que enriqueix el teu viatge, convidant-te a viure a plenitud la bellesa i la tranquil\u00b7litat de Durro. Est\u00e0s llest per fer aquesta casa lluny de casa?<\/p>","protected":false},"excerpt":{"rendered":"<p>Imagina despertar amb el suau xiuxiueig de la natura a Durro, un dels tresors amagats d&#039;Espanya. Aquest acollidor apartament de vacances us espera, ancorat en la serenitat dels Pirineus, on la hist\u00f2ria i la comoditat s&#039;entrellacen a cada cantonada. Des de les seves c\u00e0lides habitacions de fusta que recorden les antigues cabanes de muntanya, fins al sal\u00f3 llumin\u00f3s que convida a la reuni\u00f3 familiar despr\u00e9s d&#039;un dia explorant, cada espai ha estat dissenyat per ser el teu refugi al cor de la Vall de Bo\u00ed. Aqu\u00ed cada dia \u00e9s una invitaci\u00f3 a l&#039;aventura i al descans, tot a l&#039;abast de la teva porta. Vine i crea records inoblidables en aquest rac\u00f3 m\u00e0gic de Catalunya.<\/p>\n<table>\n<tbody>\n<tr>\n<th>Concepte<\/th>\n<th>Detall<\/th>\n<\/tr>\n<tr>\n<td>Temporada Alta<\/td>\n<td>119\u20ac \/ noche<\/td>\n<\/tr>\n<tr>\n<td>Temporada Baixa<\/td>\n<td>89\u20ac \/ noche<\/td>\n<\/tr>\n<tr>\n<td>Limpieza<\/td>\n<td>59\u20ac<\/td>\n<\/tr>\n<tr>\n<td>Taxa Tur\u00edstica<\/td>\n<td>1\u20ac \/ noche por persona mayor de 17 a\u00f1os<\/td>\n<\/tr>\n<tr>\n<td>N\u00ba M\u00e0xim de Persones<\/td>\n<td>4<\/td>\n<\/tr>\n<tr>\n<td>M\u00ednimo de Noches<\/td>\n<td>2<\/td>\n<\/tr>\n<\/tbody>\n<\/table>\n<p>* Temporada alta: Setmana Santa, ponts i per\u00edodes del 20\/07 al 30\/08 i del 01\/12 al 28\/02<br \/>\n* Temporada baixa: La resta de l&#039;any<br \/>\n* El m\u00ednimo de noches en temporada alta y algunos fines de semana puede ser de 3 o 4 noches<br \/>\n* Los precios\/noche son orientativos y pueden variar seg\u00fan fechas espec\u00edficas<\/p>","protected":false},"featured_media":418,"comment_status":"open","ping_status":"closed","template":"","meta":[],"product_cat":[22],"product_tag":[],"class_list":{"0":"post-394","1":"product","2":"type-product","3":"status-publish","4":"has-post-thumbnail","6":"product_cat-apartamentos","8":"first","9":"instock","10":"shipping-taxable","11":"purchasable","12":"product-type-simple"},"_links":{"self":[{"href":"https:\/\/casapons.cat\/ca\/wp-json\/wp\/v2\/product\/394","targetHints":{"allow":["GET"]}}],"collection":[{"href":"https:\/\/casapons.cat\/ca\/wp-json\/wp\/v2\/product"}],"about":[{"href":"https:\/\/casapons.cat\/ca\/wp-json\/wp\/v2\/types\/product"}],"replies":[{"embeddable":true,"href":"https:\/\/casapons.cat\/ca\/wp-json\/wp\/v2\/comments?post=394"}],"wp:featuredmedia":[{"embeddable":true,"href":"https:\/\/casapons.cat\/ca\/wp-json\/wp\/v2\/media\/418"}],"wp:attachment":[{"href":"https:\/\/casapons.cat\/ca\/wp-json\/wp\/v2\/media?parent=394"}],"wp:term":[{"taxonomy":"product_cat","embeddable":true,"href":"https:\/\/casapons.cat\/ca\/wp-json\/wp\/v2\/product_cat?post=394"},{"taxonomy":"product_tag","embeddable":true,"href":"https:\/\/casapons.cat\/ca\/wp-json\/wp\/v2\/product_tag?post=394"}],"curies":[{"name":"wp","href":"https:\/\/api.w.org\/{rel}","templated":true}]}}