{"id":393,"date":"2023-11-06T11:53:29","date_gmt":"2023-11-06T10:53:29","guid":{"rendered":"https:\/\/casapons.cat\/?post_type=product&#038;p=393"},"modified":"2024-07-05T05:11:26","modified_gmt":"2024-07-05T03:11:26","slug":"apartamento-a","status":"publish","type":"product","link":"https:\/\/casapons.cat\/ca\/alojamiento\/apartamentos\/apartamento-a\/","title":{"rendered":"Apartament A"},"content":{"rendered":"<div data-elementor-type=\"page\" data-elementor-id=\"504\" class=\"elementor elementor-504\" data-elementor-post-type=\"elementor_library\">\n\t\t\t\t<div class=\"elementor-element elementor-element-9aeb017 e-flex e-con-boxed e-con e-parent\" data-id=\"9aeb017\" data-element_type=\"container\">\n\t\t\t\t\t<div class=\"e-con-inner\">\n\t\t\t\t<div class=\"elementor-element elementor-element-dc13165 elementor-arrows-position-inside de_scroll_animation_no elementor-widget elementor-widget-image-carousel\" data-id=\"dc13165\" data-element_type=\"widget\" data-settings=\"{&quot;navigation&quot;:&quot;arrows&quot;,&quot;slides_to_show&quot;:&quot;5&quot;,&quot;autoplay&quot;:&quot;yes&quot;,&quot;pause_on_hover&quot;:&quot;yes&quot;,&quot;pause_on_interaction&quot;:&quot;yes&quot;,&quot;autoplay_speed&quot;:5000,&quot;infinite&quot;:&quot;yes&quot;,&quot;speed&quot;:500,&quot;image_spacing_custom&quot;:{&quot;unit&quot;:&quot;px&quot;,&quot;size&quot;:20,&quot;sizes&quot;:[]},&quot;image_spacing_custom_tablet&quot;:{&quot;unit&quot;:&quot;px&quot;,&quot;size&quot;:&quot;&quot;,&quot;sizes&quot;:[]},&quot;image_spacing_custom_mobile&quot;:{&quot;unit&quot;:&quot;px&quot;,&quot;size&quot;:&quot;&quot;,&quot;sizes&quot;:[]}}\" data-widget_type=\"image-carousel.default\">\n\t\t\t\t<div class=\"elementor-widget-container\">\n\t\t\t<style>\/*! elementor - v3.21.0 - 30-04-2024 *\/\n.elementor-widget-image-carousel .swiper,.elementor-widget-image-carousel .swiper-container{position:static}.elementor-widget-image-carousel .swiper-container .swiper-slide figure,.elementor-widget-image-carousel .swiper .swiper-slide figure{line-height:inherit}.elementor-widget-image-carousel .swiper-slide{text-align:center}.elementor-image-carousel-wrapper:not(.swiper-container-initialized):not(.swiper-initialized) .swiper-slide{max-width:calc(100% \/ var(--e-image-carousel-slides-to-show, 3))}<\/style>\t\t<div class=\"elementor-image-carousel-wrapper swiper\" dir=\"ltr\">\n\t\t\t<div class=\"elementor-image-carousel swiper-wrapper\" aria-live=\"off\">\n\t\t\t\t\t\t\t\t<div class=\"swiper-slide\" role=\"group\" aria-roledescription=\"slide\" aria-label=\"1 de 5\"><a data-elementor-open-lightbox=\"yes\" data-elementor-lightbox-slideshow=\"dc13165\" data-elementor-lightbox-title=\"APARTAMANENTO A (19)\" data-e-action-hash=\"#elementor-action%3Aaction%3Dlightbox%26settings%3DeyJpZCI6NDE1LCJ1cmwiOiJodHRwczpcL1wvY2FzYXBvbnMuY2F0XC93cC1jb250ZW50XC91cGxvYWRzXC8yMDIzXC8xMVwvQVBBUlRBTUFORU5UTy1BLTE5LXNjYWxlZC5qcGVnIiwic2xpZGVzaG93IjoiZGMxMzE2NSJ9\" href=\"https:\/\/casapons.cat\/wp-content\/uploads\/2023\/11\/APARTAMANENTO-A-19-scaled.jpeg\"><figure class=\"swiper-slide-inner\"><img decoding=\"async\" class=\"swiper-slide-image\" src=\"https:\/\/casapons.cat\/wp-content\/uploads\/2023\/11\/APARTAMANENTO-A-19-576x1024.jpeg\" alt=\"APARTAMANENTO A (19)\" \/><\/figure><\/a><\/div><div class=\"swiper-slide\" role=\"group\" aria-roledescription=\"slide\" aria-label=\"2 de 5\"><a data-elementor-open-lightbox=\"yes\" data-elementor-lightbox-slideshow=\"dc13165\" data-elementor-lightbox-title=\"APARTAMANENTO A (17)\" data-e-action-hash=\"#elementor-action%3Aaction%3Dlightbox%26settings%3DeyJpZCI6NDEzLCJ1cmwiOiJodHRwczpcL1wvY2FzYXBvbnMuY2F0XC93cC1jb250ZW50XC91cGxvYWRzXC8yMDIzXC8xMVwvQVBBUlRBTUFORU5UTy1BLTE3LXNjYWxlZC5qcGVnIiwic2xpZGVzaG93IjoiZGMxMzE2NSJ9\" href=\"https:\/\/casapons.cat\/wp-content\/uploads\/2023\/11\/APARTAMANENTO-A-17-scaled.jpeg\"><figure class=\"swiper-slide-inner\"><img decoding=\"async\" class=\"swiper-slide-image\" src=\"https:\/\/casapons.cat\/wp-content\/uploads\/2023\/11\/APARTAMANENTO-A-17-576x1024.jpeg\" alt=\"APARTAMANENTO A (17)\" \/><\/figure><\/a><\/div><div class=\"swiper-slide\" role=\"group\" aria-roledescription=\"slide\" aria-label=\"3 de 5\"><a data-elementor-open-lightbox=\"yes\" data-elementor-lightbox-slideshow=\"dc13165\" data-elementor-lightbox-title=\"APARTAMANENTO A (13)\" data-e-action-hash=\"#elementor-action%3Aaction%3Dlightbox%26settings%3DeyJpZCI6NDA5LCJ1cmwiOiJodHRwczpcL1wvY2FzYXBvbnMuY2F0XC93cC1jb250ZW50XC91cGxvYWRzXC8yMDIzXC8xMVwvQVBBUlRBTUFORU5UTy1BLTEzLXNjYWxlZC5qcGVnIiwic2xpZGVzaG93IjoiZGMxMzE2NSJ9\" href=\"https:\/\/casapons.cat\/wp-content\/uploads\/2023\/11\/APARTAMANENTO-A-13-scaled.jpeg\"><figure class=\"swiper-slide-inner\"><img decoding=\"async\" class=\"swiper-slide-image\" src=\"https:\/\/casapons.cat\/wp-content\/uploads\/2023\/11\/APARTAMANENTO-A-13-576x1024.jpeg\" alt=\"APARTAMANENTO A (13)\" \/><\/figure><\/a><\/div><div class=\"swiper-slide\" role=\"group\" aria-roledescription=\"slide\" aria-label=\"4 de 5\"><a data-elementor-open-lightbox=\"yes\" data-elementor-lightbox-slideshow=\"dc13165\" data-elementor-lightbox-title=\"APARTAMANENTO A (11)\" data-e-action-hash=\"#elementor-action%3Aaction%3Dlightbox%26settings%3DeyJpZCI6NDA3LCJ1cmwiOiJodHRwczpcL1wvY2FzYXBvbnMuY2F0XC93cC1jb250ZW50XC91cGxvYWRzXC8yMDIzXC8xMVwvQVBBUlRBTUFORU5UTy1BLTExLXNjYWxlZC5qcGVnIiwic2xpZGVzaG93IjoiZGMxMzE2NSJ9\" href=\"https:\/\/casapons.cat\/wp-content\/uploads\/2023\/11\/APARTAMANENTO-A-11-scaled.jpeg\"><figure class=\"swiper-slide-inner\"><img decoding=\"async\" class=\"swiper-slide-image\" src=\"https:\/\/casapons.cat\/wp-content\/uploads\/2023\/11\/APARTAMANENTO-A-11-576x1024.jpeg\" alt=\"APARTAMANENTO A (11)\" \/><\/figure><\/a><\/div><div class=\"swiper-slide\" role=\"group\" aria-roledescription=\"slide\" aria-label=\"5 de 5\"><a data-elementor-open-lightbox=\"yes\" data-elementor-lightbox-slideshow=\"dc13165\" data-elementor-lightbox-title=\"APARTAMANENTO A (7)\" data-e-action-hash=\"#elementor-action%3Aaction%3Dlightbox%26settings%3DeyJpZCI6NDAzLCJ1cmwiOiJodHRwczpcL1wvY2FzYXBvbnMuY2F0XC93cC1jb250ZW50XC91cGxvYWRzXC8yMDIzXC8xMVwvQVBBUlRBTUFORU5UTy1BLTctc2NhbGVkLmpwZWciLCJzbGlkZXNob3ciOiJkYzEzMTY1In0%3D\" href=\"https:\/\/casapons.cat\/wp-content\/uploads\/2023\/11\/APARTAMANENTO-A-7-scaled.jpeg\"><figure class=\"swiper-slide-inner\"><img decoding=\"async\" class=\"swiper-slide-image\" src=\"https:\/\/casapons.cat\/wp-content\/uploads\/2023\/11\/APARTAMANENTO-A-7-576x1024.jpeg\" alt=\"APARTAMANENTO A (7)\" \/><\/figure><\/a><\/div>\t\t\t<\/div>\n\t\t\t\t\t\t\t\t\t\t\t\t<div class=\"elementor-swiper-button elementor-swiper-button-prev\" role=\"button\" tabindex=\"0\">\n\t\t\t\t\t\t<i aria-hidden=\"true\" class=\"eicon-chevron-left\"><\/i>\t\t\t\t\t<\/div>\n\t\t\t\t\t<div class=\"elementor-swiper-button elementor-swiper-button-next\" role=\"button\" tabindex=\"0\">\n\t\t\t\t\t\t<i aria-hidden=\"true\" class=\"eicon-chevron-right\"><\/i>\t\t\t\t\t<\/div>\n\t\t\t\t\n\t\t\t\t\t\t\t\t\t<\/div>\n\t\t\t\t<\/div>\n\t\t\t\t<\/div>\n\t\t\t\t\t<\/div>\n\t\t\t\t<\/div>\n\t\t\t\t<\/div>\n\t\t\n<p>Benvinguts a casa seva lluny de casa al pintoresc poble de Durro. Aquest encantador apartament de vacances captura l&#039;ess\u00e8ncia de la vida rural espanyola, combinant confort modern amb un toc de tradici\u00f3. La cuina, completament equipada amb electrodom\u00e8stics i amplis armaris de fusta, convida a preparar deliciosos menjars amb els sabors locals. Les finestres inunden l&#039;espai de llum natural, oferint vistes que inspiren la tranquil\u00b7litat i la calma.<\/p>\n<p>La sala d\u00b4estar, decorada amb un sof\u00e0 llit de quadres i una taula de fusta cl\u00e0ssica, \u00e9s el lloc perfecte per relaxar-vos despr\u00e9s d\u00b4un dia d\u00b4aventures. La xemeneia de pedra crea un ambient c\u00e0lid i acollidor, ideal per a les nits fresques de muntanya. Pujant per l&#039;elegant escala de cargol, trobareu un niu de tranquil\u00b7litat i descans.<\/p>\n<p>El bany compta amb una combinaci\u00f3 de banyera i dutxa, oferint un espai privat i pulcre per rejovenir despr\u00e9s d&#039;un llarg dia explorant la bellesa natural dels voltants. Cada detall d&#039;aquest apartament ha estat seleccionat amb cura per garantir una estada c\u00f2moda i relaxant.<\/p>\n<p>Ja sigui que vingui per la pau i la quietud o per l&#039;aventura a les muntanyes properes, aquest apartament \u00e9s el seu perfecte punt de partida. Respireu l&#039;aire pur de la muntanya, gaudiu de les caminades per senders florits i acabeu el seu dia amb una copa de vi al costat de la xemeneia. Aquest \u00e9s el seu santuari privat, la seva escapada ideal, el seu rac\u00f3 especial a Durro. Reserveu la vostra estada amb nosaltres i visqueu la m\u00e0gia d&#039;Espanya en el vostre estat m\u00e9s pur.<\/p>","protected":false},"excerpt":{"rendered":"<p>Descobreixi l&#039;encant r\u00fastic i la calidesa del nostre acollidor apartament a Durro, Espanya. Ubicat al cor d&#039;una regi\u00f3 serena, aquesta joia amagada \u00e9s el retir perfecte per als amants de la natura i aquells que busquen una fuita de la vida urbana. Amb la seva c\u00e0lida fusta, detalls tradicionals i una convidadora xemeneia, cada rac\u00f3 d\u00b4aquesta llar est\u00e0 dissenyat per al seu confort i plaer. Vingui a crear records inoblidables al seu proper refugi de vacances!<\/p>\n<table>\n<tbody>\n<tr>\n<th>Concepte<\/th>\n<th>Detall<\/th>\n<\/tr>\n<tr>\n<td>Temporada Alta<\/td>\n<td>119\u20ac \/ noche<\/td>\n<\/tr>\n<tr>\n<td>Temporada Baixa<\/td>\n<td>89\u20ac \/ noche<\/td>\n<\/tr>\n<tr>\n<td>Limpieza<\/td>\n<td>59\u20ac<\/td>\n<\/tr>\n<tr>\n<td>Taxa Tur\u00edstica<\/td>\n<td>1\u20ac \/ noche por persona mayor de 17 a\u00f1os<\/td>\n<\/tr>\n<tr>\n<td>N\u00ba M\u00e0xim de Persones<\/td>\n<td>4<\/td>\n<\/tr>\n<tr>\n<td>M\u00ednimo de Noches<\/td>\n<td>2<\/td>\n<\/tr>\n<\/tbody>\n<\/table>\n<p>* Temporada alta: Setmana Santa, ponts i per\u00edodes del 20\/07 al 30\/08 i del 01\/12 al 28\/02<br \/>\n* Temporada baixa: La resta de l&#039;any<br \/>\n* El m\u00ednimo de noches en temporada alta y algunos fines de semana puede ser de 3 o 4 noches<br \/>\n* Los precios\/noche son orientativos y pueden variar seg\u00fan fechas espec\u00edficas<\/p>","protected":false},"featured_media":399,"comment_status":"open","ping_status":"closed","template":"","meta":[],"product_cat":[22],"product_tag":[],"class_list":{"0":"post-393","1":"product","2":"type-product","3":"status-publish","4":"has-post-thumbnail","6":"product_cat-apartamentos","8":"first","9":"instock","10":"shipping-taxable","11":"purchasable","12":"product-type-simple"},"_links":{"self":[{"href":"https:\/\/casapons.cat\/ca\/wp-json\/wp\/v2\/product\/393","targetHints":{"allow":["GET"]}}],"collection":[{"href":"https:\/\/casapons.cat\/ca\/wp-json\/wp\/v2\/product"}],"about":[{"href":"https:\/\/casapons.cat\/ca\/wp-json\/wp\/v2\/types\/product"}],"replies":[{"embeddable":true,"href":"https:\/\/casapons.cat\/ca\/wp-json\/wp\/v2\/comments?post=393"}],"wp:featuredmedia":[{"embeddable":true,"href":"https:\/\/casapons.cat\/ca\/wp-json\/wp\/v2\/media\/399"}],"wp:attachment":[{"href":"https:\/\/casapons.cat\/ca\/wp-json\/wp\/v2\/media?parent=393"}],"wp:term":[{"taxonomy":"product_cat","embeddable":true,"href":"https:\/\/casapons.cat\/ca\/wp-json\/wp\/v2\/product_cat?post=393"},{"taxonomy":"product_tag","embeddable":true,"href":"https:\/\/casapons.cat\/ca\/wp-json\/wp\/v2\/product_tag?post=393"}],"curies":[{"name":"wp","href":"https:\/\/api.w.org\/{rel}","templated":true}]}}