{"id":77,"date":"2023-10-02T10:31:56","date_gmt":"2023-10-02T08:31:56","guid":{"rendered":"https:\/\/casapons.cat\/?page_id=77"},"modified":"2023-10-02T17:19:29","modified_gmt":"2023-10-02T15:19:29","slug":"tradiciones","status":"publish","type":"page","link":"https:\/\/casapons.cat\/ca\/tradiciones\/","title":{"rendered":"Tradicions"},"content":{"rendered":"<div data-elementor-type=\"wp-page\" data-elementor-id=\"77\" class=\"elementor elementor-77\" data-elementor-post-type=\"page\">\n\t\t\t\t\t\t<section class=\"elementor-section elementor-top-section elementor-element elementor-element-6dedc00 elementor-section-boxed elementor-section-height-default elementor-section-height-default elementor-invisible\" data-id=\"6dedc00\" data-element_type=\"section\" data-settings=\"{&quot;background_background&quot;:&quot;classic&quot;,&quot;animation&quot;:&quot;fadeIn&quot;}\">\n\t\t\t\t\t\t\t<div class=\"elementor-background-overlay\"><\/div>\n\t\t\t\t\t\t\t<div class=\"elementor-container elementor-column-gap-default\">\n\t\t\t\t\t<div class=\"elementor-column elementor-col-100 elementor-top-column elementor-element elementor-element-2dd2c9e\" data-id=\"2dd2c9e\" data-element_type=\"column\">\n\t\t\t<div class=\"elementor-widget-wrap elementor-element-populated\">\n\t\t\t\t\t\t<div class=\"elementor-element elementor-element-36087ee de_scroll_animation_no elementor-invisible elementor-widget elementor-widget-heading\" data-id=\"36087ee\" data-element_type=\"widget\" data-settings=\"{&quot;_animation&quot;:&quot;fadeInDown&quot;}\" data-widget_type=\"heading.default\">\n\t\t\t\t<div class=\"elementor-widget-container\">\n\t\t\t<style>\/*! elementor - v3.21.0 - 30-04-2024 *\/\n.elementor-heading-title{padding:0;margin:0;line-height:1}.elementor-widget-heading .elementor-heading-title[class*=elementor-size-]>a{color:inherit;font-size:inherit;line-height:inherit}.elementor-widget-heading .elementor-heading-title.elementor-size-small{font-size:15px}.elementor-widget-heading .elementor-heading-title.elementor-size-medium{font-size:19px}.elementor-widget-heading .elementor-heading-title.elementor-size-large{font-size:29px}.elementor-widget-heading .elementor-heading-title.elementor-size-xl{font-size:39px}.elementor-widget-heading .elementor-heading-title.elementor-size-xxl{font-size:59px}<\/style><h1 class=\"elementor-heading-title elementor-size-default\">Tradicions<\/h1>\t\t<\/div>\n\t\t\t\t<\/div>\n\t\t\t\t\t<\/div>\n\t\t<\/div>\n\t\t\t\t\t<\/div>\n\t\t<\/section>\n\t\t<div class=\"elementor-element elementor-element-673247e e-flex e-con-boxed e-con e-parent\" data-id=\"673247e\" data-element_type=\"container\">\n\t\t\t\t\t<div class=\"e-con-inner\">\n\t\t\t\t<div class=\"elementor-element elementor-element-1b397bb elementor-toc--minimized-on-tablet de_scroll_animation_no elementor-widget elementor-widget-table-of-contents\" data-id=\"1b397bb\" data-element_type=\"widget\" data-settings=\"{&quot;exclude_headings_by_selector&quot;:[],&quot;headings_by_tags&quot;:[&quot;h2&quot;,&quot;h3&quot;,&quot;h4&quot;,&quot;h5&quot;,&quot;h6&quot;],&quot;marker_view&quot;:&quot;numbers&quot;,&quot;minimize_box&quot;:&quot;yes&quot;,&quot;minimized_on&quot;:&quot;tablet&quot;,&quot;hierarchical_view&quot;:&quot;yes&quot;,&quot;min_height&quot;:{&quot;unit&quot;:&quot;px&quot;,&quot;size&quot;:&quot;&quot;,&quot;sizes&quot;:[]},&quot;min_height_tablet&quot;:{&quot;unit&quot;:&quot;px&quot;,&quot;size&quot;:&quot;&quot;,&quot;sizes&quot;:[]},&quot;min_height_mobile&quot;:{&quot;unit&quot;:&quot;px&quot;,&quot;size&quot;:&quot;&quot;,&quot;sizes&quot;:[]}}\" data-widget_type=\"table-of-contents.default\">\n\t\t\t\t<div class=\"elementor-widget-container\">\n\t\t\t<style>\/*! elementor-pro - v3.18.0 - 17-01-2024 *\/\n.elementor-widget-table-of-contents .elementor-toc__header-title{color:var(--header-color)}.elementor-widget-table-of-contents.elementor-toc--collapsed .elementor-toc__toggle-button--collapse,.elementor-widget-table-of-contents:not(.elementor-toc--collapsed) .elementor-toc__toggle-button--expand{display:none}.elementor-widget-table-of-contents .elementor-widget-container{min-height:var(--box-min-height);border:var(--box-border-width,1px) solid var(--box-border-color,#9da5ae);border-radius:var(--box-border-radius,3px);background-color:var(--box-background-color);transition:min-height .4s;overflow:hidden}.elementor-toc__header{display:flex;align-items:center;justify-content:space-between;padding:var(--box-padding,20px);background-color:var(--header-background-color);border-bottom:var(--separator-width,1px) solid var(--box-border-color,#9da5ae)}.elementor-toc__header-title{font-size:18px;margin:0;color:var(--header-color)}.elementor-toc__toggle-button{cursor:pointer;display:inline-flex}.elementor-toc__toggle-button i{color:var(--toggle-button-color)}.elementor-toc__toggle-button svg{height:1em;width:1em;fill:var(--toggle-button-color)}.elementor-toc__spinner-container{text-align:center}.elementor-toc__spinner{font-size:2em}.elementor-toc__spinner.e-font-icon-svg{height:1em;width:1em}.elementor-toc__body{padding:var(--box-padding,20px);max-height:var(--toc-body-max-height);overflow-y:auto}.elementor-toc__body::-webkit-scrollbar{width:7px}.elementor-toc__body::-webkit-scrollbar-thumb{background-color:#babfc5;border-radius:10px}.elementor-toc__list-wrapper{list-style:none;padding:0}.elementor-toc__list-item{margin-bottom:.5em}.elementor-toc__list-item.elementor-item-active{font-weight:700}.elementor-toc__list-item .elementor-toc__list-wrapper{margin-top:.5em;margin-left:var(--nested-list-indent,1em)}.elementor-toc__list-item-text:hover{color:var(--item-text-hover-color);-webkit-text-decoration:var(--item-text-hover-decoration);text-decoration:var(--item-text-hover-decoration)}.elementor-toc__list-item-text.elementor-item-active{color:var(--item-text-active-color);-webkit-text-decoration:var(--item-text-active-decoration);text-decoration:var(--item-text-active-decoration)}.elementor-toc__list-item-text-wrapper{display:flex;align-items:center}.elementor-toc__list-item-text-wrapper:before,.elementor-toc__list-item-text-wrapper i{margin-right:8px;color:var(--marker-color)}.elementor-toc__list-item-text-wrapper svg{margin-right:8px;fill:var(--marker-color);height:var(--marker-size,.5em);width:var(--marker-size,.5em)}.elementor-toc__list-item-text-wrapper i{font-size:var(--marker-size,.5em)}.elementor-toc__list-item-text-wrapper:before{font-size:var(--marker-size,1em)}.elementor-toc--content-ellipsis .elementor-toc__list-item-text{white-space:nowrap;overflow:hidden;text-overflow:ellipsis}.elementor-toc__list-items--collapsible>.elementor-toc__list-wrapper>.elementor-toc__list-item>.elementor-toc__list-wrapper{display:none}.elementor-toc__heading-anchor{position:absolute}.elementor-toc__body .elementor-toc__list-item-text{color:var(--item-text-color);-webkit-text-decoration:var(--item-text-decoration);text-decoration:var(--item-text-decoration)}.elementor-toc__body .elementor-toc__list-item-text:hover{color:var(--item-text-hover-color);-webkit-text-decoration:var(--item-text-hover-decoration);text-decoration:var(--item-text-hover-decoration)}.elementor-toc__body .elementor-toc__list-item-text.elementor-item-active{color:var(--item-text-active-color);-webkit-text-decoration:var(--item-text-active-decoration);text-decoration:var(--item-text-active-decoration)}ol.elementor-toc__list-wrapper{counter-reset:item}ol.elementor-toc__list-wrapper .elementor-toc__list-item{counter-increment:item}ol.elementor-toc__list-wrapper .elementor-toc__list-item-text-wrapper:before{content:counters(item,\".\") \". \"}<\/style>\t\t<div class=\"elementor-toc__header\">\n\t\t\t<h4 class=\"elementor-toc__header-title\">\n\t\t\t\t\u00cdndex de contingut\t\t\t<\/h4>\n\t\t\t\t\t\t\t<div class=\"elementor-toc__toggle-button elementor-toc__toggle-button--expand\" role=\"button\" tabindex=\"0\" aria-controls=\"elementor-toc__1b397bb\" aria-expanded=\"true\" aria-label=\"Open table of contents\"><i aria-hidden=\"true\" class=\"fas fa-chevron-down\"><\/i><\/div>\n\t\t\t\t<div class=\"elementor-toc__toggle-button elementor-toc__toggle-button--collapse\" role=\"button\" tabindex=\"0\" aria-controls=\"elementor-toc__1b397bb\" aria-expanded=\"true\" aria-label=\"Close table of contents\"><i aria-hidden=\"true\" class=\"fas fa-chevron-up\"><\/i><\/div>\n\t\t\t\t\t<\/div>\n\t\t<div id=\"elementor-toc__1b397bb\" class=\"elementor-toc__body\">\n\t\t\t<div class=\"elementor-toc__spinner-container\">\n\t\t\t\t<i class=\"elementor-toc__spinner eicon-animation-spin eicon-loading\" aria-hidden=\"true\"><\/i>\t\t\t<\/div>\n\t\t<\/div>\n\t\t\t\t<\/div>\n\t\t\t\t<\/div>\n\t\t\t\t\t<\/div>\n\t\t\t\t<\/div>\n\t\t<div class=\"elementor-element elementor-element-33c9569 e-flex e-con-boxed e-con e-parent\" data-id=\"33c9569\" data-element_type=\"container\">\n\t\t\t\t\t<div class=\"e-con-inner\">\n\t\t<div class=\"elementor-element elementor-element-b2fb733 e-con-full e-flex e-con e-child\" data-id=\"b2fb733\" data-element_type=\"container\">\n\t\t\t\t<div class=\"elementor-element elementor-element-76f0d1d de_scroll_animation_no elementor-widget elementor-widget-text-editor\" data-id=\"76f0d1d\" data-element_type=\"widget\" data-widget_type=\"text-editor.default\">\n\t\t\t\t<div class=\"elementor-widget-container\">\n\t\t\t<style>\/*! elementor - v3.21.0 - 30-04-2024 *\/\n.elementor-widget-text-editor.elementor-drop-cap-view-stacked .elementor-drop-cap{background-color:#69727d;color:#fff}.elementor-widget-text-editor.elementor-drop-cap-view-framed .elementor-drop-cap{color:#69727d;border:3px solid;background-color:transparent}.elementor-widget-text-editor:not(.elementor-drop-cap-view-default) .elementor-drop-cap{margin-top:8px}.elementor-widget-text-editor:not(.elementor-drop-cap-view-default) .elementor-drop-cap-letter{width:1em;height:1em}.elementor-widget-text-editor .elementor-drop-cap{float:left;text-align:center;line-height:1;font-size:50px}.elementor-widget-text-editor .elementor-drop-cap-letter{display:inline-block}<\/style>\t\t\t\t<h2>Celebraci\u00f3 de les Falles de Durro<\/h2><h3>Introducci\u00f3 a les Falles de Durro<\/h3><p>Les Falles de Durro s\u00f3n una tradici\u00f3 festiva singular que se celebra la primera setmana del mes de juny al pintoresc poble de Durro. Aquesta celebraci\u00f3 es caracteritza pel seu desplegament de foc viu, que simbolitza la purificaci\u00f3 i coincideix amb el solstici d&#039;estiu.<\/p><h3>Hist\u00f2ria i Significat<\/h3><p>Aquesta tradici\u00f3, encara que estesa per tota la vall, t\u00e9 un mat\u00eds particular a Durro, on es recorda un antic costum d&#039;agra\u00efment per les bones collites rebudes. El foc, essent l&#039;element central, representa la purificaci\u00f3 i la renovaci\u00f3 i s&#039;alinea amb l&#039;energia del solstici d&#039;estiu.<\/p><h4>Simbolisme de les Falles<\/h4><p>Les anomenades falles s\u00f3n torxes elaborades amb fusta de pi, que s\u00f3n portades pels homes del poble en una process\u00f3 il\u00b7luminada des de l&#039;ermita de Sant Quirc fins al poble. Aquesta pr\u00e0ctica simbolitza la guia i la protecci\u00f3 contra les adversitats.<\/p><h3>Desenvolupament de la Celebraci\u00f3<\/h3><h4>Descens amb Torxes<\/h4><p>El descens serpentejant comen\u00e7a a l&#039;ermita de Sant Quirc, liderat pel fadr\u00ed major, seguit d&#039;un seguici. Els homes del poble baixen amb les torxes enceses, creant un espectacle visual captivador que real\u00e7a la vistositat de la festivitat.<\/p><h4>Culminaci\u00f3 de la Festa<\/h4><p>Un cop al poble, la celebraci\u00f3 arriba al seu cl\u00edmax amb un dinar comunitari i un ball popular, on els habitants i visitants s&#039;uneixen per commemorar la tradici\u00f3 i la camaraderia.<\/p>\t\t\t\t\t\t<\/div>\n\t\t\t\t<\/div>\n\t\t\t\t<\/div>\n\t\t\t\t\t<\/div>\n\t\t\t\t<\/div>\n\t\t<div class=\"elementor-element elementor-element-261d5f2 e-flex e-con-boxed e-con e-parent\" data-id=\"261d5f2\" data-element_type=\"container\">\n\t\t\t\t\t<div class=\"e-con-inner\">\n\t\t<div class=\"elementor-element elementor-element-f5d3c54 e-con-full e-flex e-con e-child\" data-id=\"f5d3c54\" data-element_type=\"container\">\n\t\t\t\t<div class=\"elementor-element elementor-element-4c221e1 de_scroll_animation_no elementor-widget elementor-widget-image\" data-id=\"4c221e1\" data-element_type=\"widget\" data-widget_type=\"image.default\">\n\t\t\t\t<div class=\"elementor-widget-container\">\n\t\t\t<style>\/*! elementor - v3.21.0 - 30-04-2024 *\/\n.elementor-widget-image{text-align:center}.elementor-widget-image a{display:inline-block}.elementor-widget-image a img[src$=\".svg\"]{width:48px}.elementor-widget-image img{vertical-align:middle;display:inline-block}<\/style>\t\t\t\t\t\t\t\t\t\t<img decoding=\"async\" width=\"240\" height=\"180\" src=\"https:\/\/casapons.cat\/wp-content\/uploads\/2023\/10\/durrofalles21.jpg\" class=\"attachment-large size-large wp-image-331\" alt=\"\" \/>\t\t\t\t\t\t\t\t\t\t\t\t\t<\/div>\n\t\t\t\t<\/div>\n\t\t\t\t<\/div>\n\t\t<div class=\"elementor-element elementor-element-7246474 e-con-full e-flex e-con e-child\" data-id=\"7246474\" data-element_type=\"container\">\n\t\t\t\t<div class=\"elementor-element elementor-element-ff7aa34 de_scroll_animation_no elementor-widget elementor-widget-image\" data-id=\"ff7aa34\" data-element_type=\"widget\" data-widget_type=\"image.default\">\n\t\t\t\t<div class=\"elementor-widget-container\">\n\t\t\t\t\t\t\t\t\t\t\t\t\t<img fetchpriority=\"high\" decoding=\"async\" width=\"309\" height=\"163\" src=\"https:\/\/casapons.cat\/wp-content\/uploads\/2023\/10\/durrofalles31.jpg\" class=\"attachment-large size-large wp-image-332\" alt=\"\" srcset=\"https:\/\/casapons.cat\/wp-content\/uploads\/2023\/10\/durrofalles31.jpg 309w, https:\/\/casapons.cat\/wp-content\/uploads\/2023\/10\/durrofalles31-300x158.jpg 300w\" sizes=\"(max-width: 309px) 100vw, 309px\" \/>\t\t\t\t\t\t\t\t\t\t\t\t\t<\/div>\n\t\t\t\t<\/div>\n\t\t\t\t<\/div>\n\t\t\t\t\t<\/div>\n\t\t\t\t<\/div>\n\t\t<div class=\"elementor-element elementor-element-7b04977 e-flex e-con-boxed e-con e-parent\" data-id=\"7b04977\" data-element_type=\"container\">\n\t\t\t\t\t<div class=\"e-con-inner\">\n\t\t<div class=\"elementor-element elementor-element-6c96b40 e-con-full e-flex e-con e-child\" data-id=\"6c96b40\" data-element_type=\"container\">\n\t\t\t\t<div class=\"elementor-element elementor-element-ccd77ca de_scroll_animation_no elementor-widget elementor-widget-text-editor\" data-id=\"ccd77ca\" data-element_type=\"widget\" data-widget_type=\"text-editor.default\">\n\t\t\t\t<div class=\"elementor-widget-container\">\n\t\t\t\t\t\t\t<h2>Ball Pla: La Tradici\u00f3 Dansant de Setembre<\/h2><h3>Introducci\u00f3 al Ball Pla<\/h3><p>Ball Pla \u00e9s un ball tradicional que es converteix en el focus d&#039;atenci\u00f3 durant la Festa Major celebrada al setembre. Aquesta dansa reflecteix la rica her\u00e8ncia cultural del poble i proporciona una oportunitat perqu\u00e8 la comunitat es reuneixi i celebri.<\/p><h3>Significat i Desenvolupament<\/h3><p>La dansa, amb el ritme i la coreografia distintius, \u00e9s una expressi\u00f3 de l&#039;alegria i la unitat de la comunitat. El Ball Pla no nom\u00e9s honra la tradici\u00f3, sin\u00f3 que tamb\u00e9 ofereix als habitants i visitants una experi\u00e8ncia cultural enriquidora.<\/p>\t\t\t\t\t\t<\/div>\n\t\t\t\t<\/div>\n\t\t\t\t<\/div>\n\t\t\t\t\t<\/div>\n\t\t\t\t<\/div>\n\t\t<div class=\"elementor-element elementor-element-a26fe59 e-flex e-con-boxed e-con e-parent\" data-id=\"a26fe59\" data-element_type=\"container\">\n\t\t\t\t\t<div class=\"e-con-inner\">\n\t\t<div class=\"elementor-element elementor-element-cab7a19 e-con-full e-flex e-con e-child\" data-id=\"cab7a19\" data-element_type=\"container\">\n\t\t\t\t<div class=\"elementor-element elementor-element-6523e6b de_scroll_animation_no elementor-widget elementor-widget-image\" data-id=\"6523e6b\" data-element_type=\"widget\" data-widget_type=\"image.default\">\n\t\t\t\t<div class=\"elementor-widget-container\">\n\t\t\t\t\t\t\t\t\t\t\t\t\t<img decoding=\"async\" width=\"600\" height=\"400\" src=\"https:\/\/casapons.cat\/wp-content\/uploads\/2023\/10\/ball20plat1.jpg\" class=\"attachment-large size-large wp-image-333\" alt=\"\" srcset=\"https:\/\/casapons.cat\/wp-content\/uploads\/2023\/10\/ball20plat1.jpg 600w, https:\/\/casapons.cat\/wp-content\/uploads\/2023\/10\/ball20plat1-300x200.jpg 300w\" sizes=\"(max-width: 600px) 100vw, 600px\" \/>\t\t\t\t\t\t\t\t\t\t\t\t\t<\/div>\n\t\t\t\t<\/div>\n\t\t\t\t<\/div>\n\t\t<div class=\"elementor-element elementor-element-213d7a9 e-con-full e-flex e-con e-child\" data-id=\"213d7a9\" data-element_type=\"container\">\n\t\t\t\t<div class=\"elementor-element elementor-element-2649754 de_scroll_animation_no elementor-widget elementor-widget-image\" data-id=\"2649754\" data-element_type=\"widget\" data-widget_type=\"image.default\">\n\t\t\t\t<div class=\"elementor-widget-container\">\n\t\t\t\t\t\t\t\t\t\t\t\t\t<img loading=\"lazy\" decoding=\"async\" width=\"600\" height=\"400\" src=\"https:\/\/casapons.cat\/wp-content\/uploads\/2023\/10\/ball20plat2021.jpg\" class=\"attachment-large size-large wp-image-334\" alt=\"\" srcset=\"https:\/\/casapons.cat\/wp-content\/uploads\/2023\/10\/ball20plat2021.jpg 600w, https:\/\/casapons.cat\/wp-content\/uploads\/2023\/10\/ball20plat2021-300x200.jpg 300w\" sizes=\"(max-width: 600px) 100vw, 600px\" \/>\t\t\t\t\t\t\t\t\t\t\t\t\t<\/div>\n\t\t\t\t<\/div>\n\t\t\t\t<\/div>\n\t\t<div class=\"elementor-element elementor-element-2009f19 e-con-full e-flex e-con e-child\" data-id=\"2009f19\" data-element_type=\"container\">\n\t\t\t\t<div class=\"elementor-element elementor-element-fb971d1 de_scroll_animation_no elementor-widget elementor-widget-image\" data-id=\"fb971d1\" data-element_type=\"widget\" data-widget_type=\"image.default\">\n\t\t\t\t<div class=\"elementor-widget-container\">\n\t\t\t\t\t\t\t\t\t\t\t\t\t<img loading=\"lazy\" decoding=\"async\" width=\"600\" height=\"400\" src=\"https:\/\/casapons.cat\/wp-content\/uploads\/2023\/10\/ball20plat2031.jpg\" class=\"attachment-large size-large wp-image-335\" alt=\"\" srcset=\"https:\/\/casapons.cat\/wp-content\/uploads\/2023\/10\/ball20plat2031.jpg 600w, https:\/\/casapons.cat\/wp-content\/uploads\/2023\/10\/ball20plat2031-300x200.jpg 300w\" sizes=\"(max-width: 600px) 100vw, 600px\" \/>\t\t\t\t\t\t\t\t\t\t\t\t\t<\/div>\n\t\t\t\t<\/div>\n\t\t\t\t<\/div>\n\t\t\t\t\t<\/div>\n\t\t\t\t<\/div>\n\t\t\t\t<\/div>","protected":false},"excerpt":{"rendered":"<p>\u00cdndice de contenido Celebraci\u00f3n de las Fallas de Durro Introducci\u00f3n a las Fallas de Durro Las Fallas de Durro son una tradici\u00f3n festiva singular que se celebra en la primera semana del mes de junio en el pintoresco pueblo de Durro. Esta celebraci\u00f3n se caracteriza por su v\u00edvido despliegue de fuego, que simboliza la purificaci\u00f3n [&hellip;]<\/p>","protected":false},"author":1,"featured_media":0,"parent":0,"menu_order":0,"comment_status":"closed","ping_status":"closed","template":"elementor_header_footer","meta":{"footnotes":""},"class_list":["post-77","page","type-page","status-publish","hentry"],"_links":{"self":[{"href":"https:\/\/casapons.cat\/ca\/wp-json\/wp\/v2\/pages\/77","targetHints":{"allow":["GET"]}}],"collection":[{"href":"https:\/\/casapons.cat\/ca\/wp-json\/wp\/v2\/pages"}],"about":[{"href":"https:\/\/casapons.cat\/ca\/wp-json\/wp\/v2\/types\/page"}],"author":[{"embeddable":true,"href":"https:\/\/casapons.cat\/ca\/wp-json\/wp\/v2\/users\/1"}],"replies":[{"embeddable":true,"href":"https:\/\/casapons.cat\/ca\/wp-json\/wp\/v2\/comments?post=77"}],"version-history":[{"count":4,"href":"https:\/\/casapons.cat\/ca\/wp-json\/wp\/v2\/pages\/77\/revisions"}],"predecessor-version":[{"id":338,"href":"https:\/\/casapons.cat\/ca\/wp-json\/wp\/v2\/pages\/77\/revisions\/338"}],"wp:attachment":[{"href":"https:\/\/casapons.cat\/ca\/wp-json\/wp\/v2\/media?parent=77"}],"curies":[{"name":"wp","href":"https:\/\/api.w.org\/{rel}","templated":true}]}}