{"id":76,"date":"2023-10-02T10:31:45","date_gmt":"2023-10-02T08:31:45","guid":{"rendered":"https:\/\/casapons.cat\/?page_id=76"},"modified":"2023-10-02T12:51:01","modified_gmt":"2023-10-02T10:51:01","slug":"que-hacer","status":"publish","type":"page","link":"https:\/\/casapons.cat\/ca\/que-hacer\/","title":{"rendered":"Qu\u00e8 fer"},"content":{"rendered":"<div data-elementor-type=\"wp-page\" data-elementor-id=\"76\" class=\"elementor elementor-76\" data-elementor-post-type=\"page\">\n\t\t\t\t\t\t<section class=\"elementor-section elementor-top-section elementor-element elementor-element-367e52c7 elementor-section-boxed elementor-section-height-default elementor-section-height-default elementor-invisible\" data-id=\"367e52c7\" data-element_type=\"section\" data-settings=\"{&quot;background_background&quot;:&quot;classic&quot;,&quot;animation&quot;:&quot;fadeIn&quot;}\">\n\t\t\t\t\t\t\t<div class=\"elementor-background-overlay\"><\/div>\n\t\t\t\t\t\t\t<div class=\"elementor-container elementor-column-gap-default\">\n\t\t\t\t\t<div class=\"elementor-column elementor-col-100 elementor-top-column elementor-element elementor-element-52a07e82\" data-id=\"52a07e82\" data-element_type=\"column\">\n\t\t\t<div class=\"elementor-widget-wrap elementor-element-populated\">\n\t\t\t\t\t\t<div class=\"elementor-element elementor-element-487762a7 de_scroll_animation_no elementor-invisible elementor-widget elementor-widget-heading\" data-id=\"487762a7\" data-element_type=\"widget\" data-settings=\"{&quot;_animation&quot;:&quot;fadeInDown&quot;}\" data-widget_type=\"heading.default\">\n\t\t\t\t<div class=\"elementor-widget-container\">\n\t\t\t<style>\/*! elementor - v3.21.0 - 30-04-2024 *\/\n.elementor-heading-title{padding:0;margin:0;line-height:1}.elementor-widget-heading .elementor-heading-title[class*=elementor-size-]>a{color:inherit;font-size:inherit;line-height:inherit}.elementor-widget-heading .elementor-heading-title.elementor-size-small{font-size:15px}.elementor-widget-heading .elementor-heading-title.elementor-size-medium{font-size:19px}.elementor-widget-heading .elementor-heading-title.elementor-size-large{font-size:29px}.elementor-widget-heading .elementor-heading-title.elementor-size-xl{font-size:39px}.elementor-widget-heading .elementor-heading-title.elementor-size-xxl{font-size:59px}<\/style><h1 class=\"elementor-heading-title elementor-size-default\">Qu\u00e8 fer<\/h1>\t\t<\/div>\n\t\t\t\t<\/div>\n\t\t\t\t\t<\/div>\n\t\t<\/div>\n\t\t\t\t\t<\/div>\n\t\t<\/section>\n\t\t<div class=\"elementor-element elementor-element-61ee5d0 e-flex e-con-boxed e-con e-parent\" data-id=\"61ee5d0\" data-element_type=\"container\">\n\t\t\t\t\t<div class=\"e-con-inner\">\n\t\t<div class=\"elementor-element elementor-element-d1a646f e-con-full e-flex e-con e-child\" data-id=\"d1a646f\" data-element_type=\"container\">\n\t\t\t\t<div class=\"elementor-element elementor-element-b2c4e50 elementor-position-top de_scroll_animation_no elementor-widget elementor-widget-image-box\" data-id=\"b2c4e50\" data-element_type=\"widget\" data-widget_type=\"image-box.default\">\n\t\t\t\t<div class=\"elementor-widget-container\">\n\t\t\t<style>\/*! elementor - v3.21.0 - 30-04-2024 *\/\n.elementor-widget-image-box .elementor-image-box-content{width:100%}@media (min-width:768px){.elementor-widget-image-box.elementor-position-left .elementor-image-box-wrapper,.elementor-widget-image-box.elementor-position-right .elementor-image-box-wrapper{display:flex}.elementor-widget-image-box.elementor-position-right .elementor-image-box-wrapper{text-align:end;flex-direction:row-reverse}.elementor-widget-image-box.elementor-position-left .elementor-image-box-wrapper{text-align:start;flex-direction:row}.elementor-widget-image-box.elementor-position-top .elementor-image-box-img{margin:auto}.elementor-widget-image-box.elementor-vertical-align-top .elementor-image-box-wrapper{align-items:flex-start}.elementor-widget-image-box.elementor-vertical-align-middle .elementor-image-box-wrapper{align-items:center}.elementor-widget-image-box.elementor-vertical-align-bottom .elementor-image-box-wrapper{align-items:flex-end}}@media (max-width:767px){.elementor-widget-image-box .elementor-image-box-img{margin-left:auto!important;margin-right:auto!important;margin-bottom:15px}}.elementor-widget-image-box .elementor-image-box-img{display:inline-block}.elementor-widget-image-box .elementor-image-box-title a{color:inherit}.elementor-widget-image-box .elementor-image-box-wrapper{text-align:center}.elementor-widget-image-box .elementor-image-box-description{margin:0}<\/style><div class=\"elementor-image-box-wrapper\"><figure class=\"elementor-image-box-img\"><a href=\"https:\/\/casapons.cat\/ca\/que-hacer\/durro\/\" tabindex=\"-1\"><img decoding=\"async\" src=\"https:\/\/casapons.cat\/wp-content\/uploads\/elementor\/thumbs\/durro_lleida-qnr50m3qxzasob1keg26ozer5cfgqauuusu8riibrc.jpg\" title=\"durro_lleida\" alt=\"durro_lleida\" class=\"elementor-animation-grow\" loading=\"lazy\" \/><\/a><\/figure><div class=\"elementor-image-box-content\"><h3 class=\"elementor-image-box-title\"><a href=\"https:\/\/casapons.cat\/ca\/que-hacer\/durro\/\">Durro<\/a><\/h3><p class=\"elementor-image-box-description\">Descobriu la bellesa del poble de Durro, amb la seva arquitectura tradicional i vistes panor\u00e0miques.<\/p><\/div><\/div>\t\t<\/div>\n\t\t\t\t<\/div>\n\t\t\t\t<\/div>\n\t\t<div class=\"elementor-element elementor-element-4fefcdf e-con-full e-flex e-con e-child\" data-id=\"4fefcdf\" data-element_type=\"container\">\n\t\t\t\t<div class=\"elementor-element elementor-element-94649cf elementor-position-top de_scroll_animation_no elementor-widget elementor-widget-image-box\" data-id=\"94649cf\" data-element_type=\"widget\" data-widget_type=\"image-box.default\">\n\t\t\t\t<div class=\"elementor-widget-container\">\n\t\t\t<div class=\"elementor-image-box-wrapper\"><figure class=\"elementor-image-box-img\"><a href=\"https:\/\/casapons.cat\/ca\/que-hacer\/valle-de-boi\/\" tabindex=\"-1\"><img decoding=\"async\" src=\"https:\/\/casapons.cat\/wp-content\/uploads\/elementor\/thumbs\/mini-temporada-verano-01-06-capaleravalldeboi-qnr50m3qxzasob1keg26ozer5cfgqauuusu8riibrc.jpg\" title=\"mini-temporada-estiu-01-06-capaleravalldeboi\" alt=\"mini-temporada-verano-01-06-capaleravalldeboi\" class=\"elementor-animation-grow\" loading=\"lazy\" \/><\/a><\/figure><div class=\"elementor-image-box-content\"><h3 class=\"elementor-image-box-title\"><a href=\"https:\/\/casapons.cat\/ca\/que-hacer\/valle-de-boi\/\">Vall de Bo\u00ed<\/a><\/h3><p class=\"elementor-image-box-description\">Explora la Vall de Bo\u00ed, coneguda per la seva riquesa natural i cultural.<\/p><\/div><\/div>\t\t<\/div>\n\t\t\t\t<\/div>\n\t\t\t\t<\/div>\n\t\t<div class=\"elementor-element elementor-element-3ae4614 e-con-full e-flex e-con e-child\" data-id=\"3ae4614\" data-element_type=\"container\">\n\t\t\t\t<div class=\"elementor-element elementor-element-e3a1a1e elementor-position-top de_scroll_animation_no elementor-widget elementor-widget-image-box\" data-id=\"e3a1a1e\" data-element_type=\"widget\" data-widget_type=\"image-box.default\">\n\t\t\t\t<div class=\"elementor-widget-container\">\n\t\t\t<div class=\"elementor-image-box-wrapper\"><figure class=\"elementor-image-box-img\"><a href=\"https:\/\/casapons.cat\/ca\/que-hacer\/ruta-del-romanico\/\" tabindex=\"-1\"><img decoding=\"async\" src=\"https:\/\/casapons.cat\/wp-content\/uploads\/elementor\/thumbs\/viaje-familia-valle-boi-Barruera-900x600-1-qnr50m3qxzasob1keg26ozer5cfgqauuusu8riibrc.jpg\" title=\"viatge-fam\u00edlia-vall-boi-Barruera-900\u00d7600\" alt=\"viaje-familia-valle-boi-Barruera-900x600\" class=\"elementor-animation-grow\" loading=\"lazy\" \/><\/a><\/figure><div class=\"elementor-image-box-content\"><h3 class=\"elementor-image-box-title\"><a href=\"https:\/\/casapons.cat\/ca\/que-hacer\/ruta-del-romanico\/\">Ruta del rom\u00e0nic<\/a><\/h3><p class=\"elementor-image-box-description\">Recorre la Ruta del Rom\u00e0nic, un viatge a trav\u00e9s de la hist\u00f2ria i l&#039;arquitectura antiga.<\/p><\/div><\/div>\t\t<\/div>\n\t\t\t\t<\/div>\n\t\t\t\t<\/div>\n\t\t\t\t\t<\/div>\n\t\t\t\t<\/div>\n\t\t<div class=\"elementor-element elementor-element-90506c4 e-flex e-con-boxed e-con e-parent\" data-id=\"90506c4\" data-element_type=\"container\">\n\t\t\t\t\t<div class=\"e-con-inner\">\n\t\t<div class=\"elementor-element elementor-element-c3420f0 e-con-full e-flex e-con e-child\" data-id=\"c3420f0\" data-element_type=\"container\">\n\t\t\t\t<div class=\"elementor-element elementor-element-d607c79 elementor-position-top de_scroll_animation_no elementor-widget elementor-widget-image-box\" data-id=\"d607c79\" data-element_type=\"widget\" data-widget_type=\"image-box.default\">\n\t\t\t\t<div class=\"elementor-widget-container\">\n\t\t\t<div class=\"elementor-image-box-wrapper\"><figure class=\"elementor-image-box-img\"><a href=\"https:\/\/casapons.cat\/ca\/que-hacer\/parque-nacional-de-aiguestortes-y-lago-de-san-mauricio\/\" tabindex=\"-1\"><img decoding=\"async\" src=\"https:\/\/casapons.cat\/wp-content\/uploads\/elementor\/thumbs\/descarga-qnr50m3qxzasob1keg26ozer5cfgqauuusu8riibrc.jpeg\" title=\"desc\u00e0rrega\" alt=\"descarga\" class=\"elementor-animation-grow\" loading=\"lazy\" \/><\/a><\/figure><div class=\"elementor-image-box-content\"><h3 class=\"elementor-image-box-title\"><a href=\"https:\/\/casapons.cat\/ca\/que-hacer\/parque-nacional-de-aiguestortes-y-lago-de-san-mauricio\/\">Parc Nacional d&#039;Aig\u00fcestortes i llac de Sant Maurici<\/a><\/h3><p class=\"elementor-image-box-description\">Aventura&#039;t al Parc Nacional, un parad\u00eds per als amants de la natura.<\/p><\/div><\/div>\t\t<\/div>\n\t\t\t\t<\/div>\n\t\t\t\t<\/div>\n\t\t<div class=\"elementor-element elementor-element-b9c23dd e-con-full e-flex e-con e-child\" data-id=\"b9c23dd\" data-element_type=\"container\">\n\t\t\t\t<div class=\"elementor-element elementor-element-01ae4c5 elementor-position-top de_scroll_animation_no elementor-widget elementor-widget-image-box\" data-id=\"01ae4c5\" data-element_type=\"widget\" data-widget_type=\"image-box.default\">\n\t\t\t\t<div class=\"elementor-widget-container\">\n\t\t\t<div class=\"elementor-image-box-wrapper\"><figure class=\"elementor-image-box-img\"><a href=\"https:\/\/casapons.cat\/ca\/que-hacer\/boi-taull-resort\/\" tabindex=\"-1\"><img decoding=\"async\" src=\"https:\/\/casapons.cat\/wp-content\/uploads\/elementor\/thumbs\/Ski_resort_Boi-Taull-qnr50m3qxzasob1keg26ozer5cfgqauuusu8riibrc.jpg\" title=\"MINOLTA DIGITAL CAMERA\" alt=\"MINOLTA DIGITAL CAMERA\" class=\"elementor-animation-grow\" loading=\"lazy\" \/><\/a><\/figure><div class=\"elementor-image-box-content\"><h3 class=\"elementor-image-box-title\"><a href=\"https:\/\/casapons.cat\/ca\/que-hacer\/boi-taull-resort\/\">Bo\u00ed Ta\u00fcll Resort<\/a><\/h3><p class=\"elementor-image-box-description\">Gaudeix de les activitats de muntanya a Bo\u00ed Ta\u00fcll Resort, des d&#039;esquiar a l&#039;hivern fins a senderisme a l&#039;estiu. Imatge: Pistes d\u00b4esqu\u00ed o senders de muntanya, depenent de la temporada.<\/p><\/div><\/div>\t\t<\/div>\n\t\t\t\t<\/div>\n\t\t\t\t<\/div>\n\t\t<div class=\"elementor-element elementor-element-7affd40 e-con-full e-flex e-con e-child\" data-id=\"7affd40\" data-element_type=\"container\">\n\t\t\t\t<div class=\"elementor-element elementor-element-a9ec3ca elementor-position-top de_scroll_animation_no elementor-widget elementor-widget-image-box\" data-id=\"a9ec3ca\" data-element_type=\"widget\" data-widget_type=\"image-box.default\">\n\t\t\t\t<div class=\"elementor-widget-container\">\n\t\t\t<div class=\"elementor-image-box-wrapper\"><figure class=\"elementor-image-box-img\"><a href=\"https:\/\/casapons.cat\/ca\/que-hacer\/balneario-de-caldes-de-boi\/\" tabindex=\"-1\"><img decoding=\"async\" src=\"https:\/\/casapons.cat\/wp-content\/uploads\/elementor\/thumbs\/G0018811_0-qnr50m3qxzasob1keg26ozer5cfgqauuusu8riibrc.jpg\" title=\"G0018811_0\" alt=\"G0018811_0\" class=\"elementor-animation-grow\" loading=\"lazy\" \/><\/a><\/figure><div class=\"elementor-image-box-content\"><h3 class=\"elementor-image-box-title\"><a href=\"https:\/\/casapons.cat\/ca\/que-hacer\/balneario-de-caldes-de-boi\/\">Balneari de Caldes de Bo\u00ed<\/a><\/h3><p class=\"elementor-image-box-description\">Relaxa&#039;t al Balneari de Caldes de Bo\u00ed, un oasi de benestar i relaxaci\u00f3.<\/p><\/div><\/div>\t\t<\/div>\n\t\t\t\t<\/div>\n\t\t\t\t<\/div>\n\t\t\t\t\t<\/div>\n\t\t\t\t<\/div>\n\t\t\t\t<\/div>","protected":false},"excerpt":{"rendered":"<p>Durro Descubre la belleza del pueblo de Durro, con su arquitectura tradicional y vistas panor\u00e1micas. Valle de Bo\u00ed Explora el Valle de Bo\u00ed, conocido por su riqueza natural y cultural. Ruta del rom\u00e1nico Recorre la Ruta del Rom\u00e1nico, un viaje a trav\u00e9s de la historia y la arquitectura antigua. Parque Nacional de Aig\u00fcestortes y lago [&hellip;]<\/p>","protected":false},"author":1,"featured_media":0,"parent":0,"menu_order":0,"comment_status":"closed","ping_status":"closed","template":"elementor_header_footer","meta":{"footnotes":""},"class_list":["post-76","page","type-page","status-publish","hentry"],"_links":{"self":[{"href":"https:\/\/casapons.cat\/ca\/wp-json\/wp\/v2\/pages\/76","targetHints":{"allow":["GET"]}}],"collection":[{"href":"https:\/\/casapons.cat\/ca\/wp-json\/wp\/v2\/pages"}],"about":[{"href":"https:\/\/casapons.cat\/ca\/wp-json\/wp\/v2\/types\/page"}],"author":[{"embeddable":true,"href":"https:\/\/casapons.cat\/ca\/wp-json\/wp\/v2\/users\/1"}],"replies":[{"embeddable":true,"href":"https:\/\/casapons.cat\/ca\/wp-json\/wp\/v2\/comments?post=76"}],"version-history":[{"count":13,"href":"https:\/\/casapons.cat\/ca\/wp-json\/wp\/v2\/pages\/76\/revisions"}],"predecessor-version":[{"id":160,"href":"https:\/\/casapons.cat\/ca\/wp-json\/wp\/v2\/pages\/76\/revisions\/160"}],"wp:attachment":[{"href":"https:\/\/casapons.cat\/ca\/wp-json\/wp\/v2\/media?parent=76"}],"curies":[{"name":"wp","href":"https:\/\/api.w.org\/{rel}","templated":true}]}}