{"id":148,"date":"2023-10-02T12:48:24","date_gmt":"2023-10-02T10:48:24","guid":{"rendered":"https:\/\/casapons.cat\/?page_id=148"},"modified":"2023-10-02T14:01:45","modified_gmt":"2023-10-02T12:01:45","slug":"ruta-del-romanico","status":"publish","type":"page","link":"https:\/\/casapons.cat\/ca\/que-hacer\/ruta-del-romanico\/","title":{"rendered":"Ruta del rom\u00e0nic"},"content":{"rendered":"<div data-elementor-type=\"wp-page\" data-elementor-id=\"148\" class=\"elementor elementor-148\" data-elementor-post-type=\"page\">\n\t\t\t\t\t\t<section class=\"elementor-section elementor-top-section elementor-element elementor-element-204c10b elementor-section-boxed elementor-section-height-default elementor-section-height-default elementor-invisible\" data-id=\"204c10b\" data-element_type=\"section\" data-settings=\"{&quot;background_background&quot;:&quot;classic&quot;,&quot;animation&quot;:&quot;fadeIn&quot;}\">\n\t\t\t\t\t\t\t<div class=\"elementor-background-overlay\"><\/div>\n\t\t\t\t\t\t\t<div class=\"elementor-container elementor-column-gap-default\">\n\t\t\t\t\t<div class=\"elementor-column elementor-col-100 elementor-top-column elementor-element elementor-element-fddd96a\" data-id=\"fddd96a\" data-element_type=\"column\">\n\t\t\t<div class=\"elementor-widget-wrap elementor-element-populated\">\n\t\t\t\t\t\t<div class=\"elementor-element elementor-element-4696433 de_scroll_animation_no elementor-invisible elementor-widget elementor-widget-heading\" data-id=\"4696433\" data-element_type=\"widget\" data-settings=\"{&quot;_animation&quot;:&quot;fadeInDown&quot;}\" data-widget_type=\"heading.default\">\n\t\t\t\t<div class=\"elementor-widget-container\">\n\t\t\t<style>\/*! elementor - v3.21.0 - 30-04-2024 *\/\n.elementor-heading-title{padding:0;margin:0;line-height:1}.elementor-widget-heading .elementor-heading-title[class*=elementor-size-]>a{color:inherit;font-size:inherit;line-height:inherit}.elementor-widget-heading .elementor-heading-title.elementor-size-small{font-size:15px}.elementor-widget-heading .elementor-heading-title.elementor-size-medium{font-size:19px}.elementor-widget-heading .elementor-heading-title.elementor-size-large{font-size:29px}.elementor-widget-heading .elementor-heading-title.elementor-size-xl{font-size:39px}.elementor-widget-heading .elementor-heading-title.elementor-size-xxl{font-size:59px}<\/style><h1 class=\"elementor-heading-title elementor-size-default\">Ruta del rom\u00e0nic<\/h1>\t\t<\/div>\n\t\t\t\t<\/div>\n\t\t\t\t\t<\/div>\n\t\t<\/div>\n\t\t\t\t\t<\/div>\n\t\t<\/section>\n\t\t<div class=\"elementor-element elementor-element-aa9c83a e-flex e-con-boxed e-con e-parent\" data-id=\"aa9c83a\" data-element_type=\"container\">\n\t\t\t\t\t<div class=\"e-con-inner\">\n\t\t\t\t<div class=\"elementor-element elementor-element-c6ca9d2 elementor-toc--minimized-on-tablet de_scroll_animation_no elementor-widget elementor-widget-table-of-contents\" data-id=\"c6ca9d2\" data-element_type=\"widget\" data-settings=\"{&quot;exclude_headings_by_selector&quot;:[],&quot;headings_by_tags&quot;:[&quot;h2&quot;,&quot;h3&quot;,&quot;h4&quot;,&quot;h5&quot;,&quot;h6&quot;],&quot;marker_view&quot;:&quot;numbers&quot;,&quot;minimize_box&quot;:&quot;yes&quot;,&quot;minimized_on&quot;:&quot;tablet&quot;,&quot;hierarchical_view&quot;:&quot;yes&quot;,&quot;min_height&quot;:{&quot;unit&quot;:&quot;px&quot;,&quot;size&quot;:&quot;&quot;,&quot;sizes&quot;:[]},&quot;min_height_tablet&quot;:{&quot;unit&quot;:&quot;px&quot;,&quot;size&quot;:&quot;&quot;,&quot;sizes&quot;:[]},&quot;min_height_mobile&quot;:{&quot;unit&quot;:&quot;px&quot;,&quot;size&quot;:&quot;&quot;,&quot;sizes&quot;:[]}}\" data-widget_type=\"table-of-contents.default\">\n\t\t\t\t<div class=\"elementor-widget-container\">\n\t\t\t<style>\/*! elementor-pro - v3.18.0 - 17-01-2024 *\/\n.elementor-widget-table-of-contents .elementor-toc__header-title{color:var(--header-color)}.elementor-widget-table-of-contents.elementor-toc--collapsed .elementor-toc__toggle-button--collapse,.elementor-widget-table-of-contents:not(.elementor-toc--collapsed) .elementor-toc__toggle-button--expand{display:none}.elementor-widget-table-of-contents .elementor-widget-container{min-height:var(--box-min-height);border:var(--box-border-width,1px) solid var(--box-border-color,#9da5ae);border-radius:var(--box-border-radius,3px);background-color:var(--box-background-color);transition:min-height .4s;overflow:hidden}.elementor-toc__header{display:flex;align-items:center;justify-content:space-between;padding:var(--box-padding,20px);background-color:var(--header-background-color);border-bottom:var(--separator-width,1px) solid var(--box-border-color,#9da5ae)}.elementor-toc__header-title{font-size:18px;margin:0;color:var(--header-color)}.elementor-toc__toggle-button{cursor:pointer;display:inline-flex}.elementor-toc__toggle-button i{color:var(--toggle-button-color)}.elementor-toc__toggle-button svg{height:1em;width:1em;fill:var(--toggle-button-color)}.elementor-toc__spinner-container{text-align:center}.elementor-toc__spinner{font-size:2em}.elementor-toc__spinner.e-font-icon-svg{height:1em;width:1em}.elementor-toc__body{padding:var(--box-padding,20px);max-height:var(--toc-body-max-height);overflow-y:auto}.elementor-toc__body::-webkit-scrollbar{width:7px}.elementor-toc__body::-webkit-scrollbar-thumb{background-color:#babfc5;border-radius:10px}.elementor-toc__list-wrapper{list-style:none;padding:0}.elementor-toc__list-item{margin-bottom:.5em}.elementor-toc__list-item.elementor-item-active{font-weight:700}.elementor-toc__list-item .elementor-toc__list-wrapper{margin-top:.5em;margin-left:var(--nested-list-indent,1em)}.elementor-toc__list-item-text:hover{color:var(--item-text-hover-color);-webkit-text-decoration:var(--item-text-hover-decoration);text-decoration:var(--item-text-hover-decoration)}.elementor-toc__list-item-text.elementor-item-active{color:var(--item-text-active-color);-webkit-text-decoration:var(--item-text-active-decoration);text-decoration:var(--item-text-active-decoration)}.elementor-toc__list-item-text-wrapper{display:flex;align-items:center}.elementor-toc__list-item-text-wrapper:before,.elementor-toc__list-item-text-wrapper i{margin-right:8px;color:var(--marker-color)}.elementor-toc__list-item-text-wrapper svg{margin-right:8px;fill:var(--marker-color);height:var(--marker-size,.5em);width:var(--marker-size,.5em)}.elementor-toc__list-item-text-wrapper i{font-size:var(--marker-size,.5em)}.elementor-toc__list-item-text-wrapper:before{font-size:var(--marker-size,1em)}.elementor-toc--content-ellipsis .elementor-toc__list-item-text{white-space:nowrap;overflow:hidden;text-overflow:ellipsis}.elementor-toc__list-items--collapsible>.elementor-toc__list-wrapper>.elementor-toc__list-item>.elementor-toc__list-wrapper{display:none}.elementor-toc__heading-anchor{position:absolute}.elementor-toc__body .elementor-toc__list-item-text{color:var(--item-text-color);-webkit-text-decoration:var(--item-text-decoration);text-decoration:var(--item-text-decoration)}.elementor-toc__body .elementor-toc__list-item-text:hover{color:var(--item-text-hover-color);-webkit-text-decoration:var(--item-text-hover-decoration);text-decoration:var(--item-text-hover-decoration)}.elementor-toc__body .elementor-toc__list-item-text.elementor-item-active{color:var(--item-text-active-color);-webkit-text-decoration:var(--item-text-active-decoration);text-decoration:var(--item-text-active-decoration)}ol.elementor-toc__list-wrapper{counter-reset:item}ol.elementor-toc__list-wrapper .elementor-toc__list-item{counter-increment:item}ol.elementor-toc__list-wrapper .elementor-toc__list-item-text-wrapper:before{content:counters(item,\".\") \". \"}<\/style>\t\t<div class=\"elementor-toc__header\">\n\t\t\t<h4 class=\"elementor-toc__header-title\">\n\t\t\t\t\u00cdndex de contingut\t\t\t<\/h4>\n\t\t\t\t\t\t\t<div class=\"elementor-toc__toggle-button elementor-toc__toggle-button--expand\" role=\"button\" tabindex=\"0\" aria-controls=\"elementor-toc__c6ca9d2\" aria-expanded=\"true\" aria-label=\"Open table of contents\"><i aria-hidden=\"true\" class=\"fas fa-chevron-down\"><\/i><\/div>\n\t\t\t\t<div class=\"elementor-toc__toggle-button elementor-toc__toggle-button--collapse\" role=\"button\" tabindex=\"0\" aria-controls=\"elementor-toc__c6ca9d2\" aria-expanded=\"true\" aria-label=\"Close table of contents\"><i aria-hidden=\"true\" class=\"fas fa-chevron-up\"><\/i><\/div>\n\t\t\t\t\t<\/div>\n\t\t<div id=\"elementor-toc__c6ca9d2\" class=\"elementor-toc__body\">\n\t\t\t<div class=\"elementor-toc__spinner-container\">\n\t\t\t\t<i class=\"elementor-toc__spinner eicon-animation-spin eicon-loading\" aria-hidden=\"true\"><\/i>\t\t\t<\/div>\n\t\t<\/div>\n\t\t\t\t<\/div>\n\t\t\t\t<\/div>\n\t\t\t\t\t<\/div>\n\t\t\t\t<\/div>\n\t\t<div class=\"elementor-element elementor-element-39ca665 e-flex e-con-boxed e-con e-parent\" data-id=\"39ca665\" data-element_type=\"container\">\n\t\t\t\t\t<div class=\"e-con-inner\">\n\t\t<div class=\"elementor-element elementor-element-501c7d2 e-con-full e-flex e-con e-child\" data-id=\"501c7d2\" data-element_type=\"container\">\n\t\t\t\t<div class=\"elementor-element elementor-element-13dceec de_scroll_animation_no elementor-widget elementor-widget-image\" data-id=\"13dceec\" data-element_type=\"widget\" data-widget_type=\"image.default\">\n\t\t\t\t<div class=\"elementor-widget-container\">\n\t\t\t<style>\/*! elementor - v3.21.0 - 30-04-2024 *\/\n.elementor-widget-image{text-align:center}.elementor-widget-image a{display:inline-block}.elementor-widget-image a img[src$=\".svg\"]{width:48px}.elementor-widget-image img{vertical-align:middle;display:inline-block}<\/style>\t\t\t\t\t\t\t\t\t\t<img fetchpriority=\"high\" decoding=\"async\" width=\"495\" height=\"600\" src=\"https:\/\/casapons.cat\/wp-content\/uploads\/2023\/10\/romanic11.jpg\" class=\"attachment-large size-large wp-image-241\" alt=\"\" srcset=\"https:\/\/casapons.cat\/wp-content\/uploads\/2023\/10\/romanic11.jpg 495w, https:\/\/casapons.cat\/wp-content\/uploads\/2023\/10\/romanic11-248x300.jpg 248w\" sizes=\"(max-width: 495px) 100vw, 495px\" \/>\t\t\t\t\t\t\t\t\t\t\t\t\t<\/div>\n\t\t\t\t<\/div>\n\t\t\t\t<\/div>\n\t\t<div class=\"elementor-element elementor-element-e6f1cb1 e-con-full e-flex e-con e-child\" data-id=\"e6f1cb1\" data-element_type=\"container\">\n\t\t\t\t<div class=\"elementor-element elementor-element-e0a84aa de_scroll_animation_no elementor-widget elementor-widget-text-editor\" data-id=\"e0a84aa\" data-element_type=\"widget\" data-widget_type=\"text-editor.default\">\n\t\t\t\t<div class=\"elementor-widget-container\">\n\t\t\t<style>\/*! elementor - v3.21.0 - 30-04-2024 *\/\n.elementor-widget-text-editor.elementor-drop-cap-view-stacked .elementor-drop-cap{background-color:#69727d;color:#fff}.elementor-widget-text-editor.elementor-drop-cap-view-framed .elementor-drop-cap{color:#69727d;border:3px solid;background-color:transparent}.elementor-widget-text-editor:not(.elementor-drop-cap-view-default) .elementor-drop-cap{margin-top:8px}.elementor-widget-text-editor:not(.elementor-drop-cap-view-default) .elementor-drop-cap-letter{width:1em;height:1em}.elementor-widget-text-editor .elementor-drop-cap{float:left;text-align:center;line-height:1;font-size:50px}.elementor-widget-text-editor .elementor-drop-cap-letter{display:inline-block}<\/style>\t\t\t\t<h2>Vall de Bo\u00ed: Un Resguard d&#039;Hist\u00f2ria i Cultura<\/h2><p>La Vall de Bo\u00ed, enclavada al nord-oest de la prov\u00edncia catalana de Lleida, acull un patrimoni d&#039;immens valor, destacant com una de les joies arquitect\u00f2niques i art\u00edstiques de l&#039;art rom\u00e0nic a nivell global.<\/p><p>Aquest resguard d&#039;hist\u00f2ria i cultura va ser reconegut l&#039;any 2000 per la UNESCO, que va declarar nou dels seus temples religiosos com a Patrimoni Mundial de la Humanitat.<\/p><p>Entre aquestes venerables estructures hi ha Sant Feliu de Barruera, Sant Joan de Bo\u00ed i Santa Maria de Ta\u00fcll, entre d&#039;altres, que s\u00f3n testimoni de la rica tradici\u00f3 rom\u00e0nica que va florir en aquesta regi\u00f3.<\/p>\t\t\t\t\t\t<\/div>\n\t\t\t\t<\/div>\n\t\t\t\t<\/div>\n\t\t\t\t\t<\/div>\n\t\t\t\t<\/div>\n\t\t<div class=\"elementor-element elementor-element-b6c35c3 e-flex e-con-boxed e-con e-parent\" data-id=\"b6c35c3\" data-element_type=\"container\">\n\t\t\t\t\t<div class=\"e-con-inner\">\n\t\t<div class=\"elementor-element elementor-element-c7f18a6 e-con-full e-flex e-con e-child\" data-id=\"c7f18a6\" data-element_type=\"container\">\n\t\t\t\t<div class=\"elementor-element elementor-element-740e42e de_scroll_animation_no elementor-widget elementor-widget-text-editor\" data-id=\"740e42e\" data-element_type=\"widget\" data-widget_type=\"text-editor.default\">\n\t\t\t\t<div class=\"elementor-widget-container\">\n\t\t\t\t\t\t\t<h2 id=\"exploraci-n-profunda-de-aldeas-y-templos-rom-nicos\">Exploraci\u00f3 Profunda de Llogarets i Temples Rom\u00e0nics<\/h2><h3 id=\"coll\">Coll<\/h3><h4 id=\"localizaci-n-y-caracter-sticas-generales\">Localitzaci\u00f3 i Caracter\u00edstiques Generals<\/h4><p>Coll \u00e9s un encantador llogaret situat a una altitud de 1.180 metres, amagada en la serenitat de les muntanyes.<\/p><h4 id=\"iglesia-parroquial-de-santa-mar-a\">Esgl\u00e9sia Parroquial de Santa Maria<\/h4><p>L\u00b4Esgl\u00e9sia Parroquial de Santa Maria \u00e9s la seva joia, una estructura rom\u00e0nica que data del segle XII. Ubicada als afores del poble, aquesta esgl\u00e9sia ha estat testimoni del pas del temps, mantenint la seva ess\u00e8ncia intacta. La seva arquitectura senzilla i robusta \u00e9s un reflex de les tradicions rom\u00e0niques, permetent als visitants un viatge al passat mentre exploren els venerables passadissos.<\/p><h3 id=\"iran\">Iran<\/h3><h4 id=\"caracter-sticas-generales\">Caracter\u00edstiques Generals<\/h4><p>Iran, una mica m\u00e9s elevat ia la dreta, \u00e9s una poblaci\u00f3 id\u00edl\u00b7lica amb nom\u00e9s onze habitants.<\/p><h4 id=\"iglesia-de-san-clemente\">Esgl\u00e9sia de Sant Clement<\/h4><p>Al cor hi ha l&#039;Esgl\u00e9sia de Sant Clement, un modest temple rom\u00e0nic d&#039;una sola nau que malgrat la seva mida, vessa d&#039;hist\u00f2ria i devoci\u00f3. Aquest enclavament, perdut en el temps, ofereix una experi\u00e8ncia \u00fanica de tranquil\u00b7litat i de reflexi\u00f3 espiritual en un entorn natural inigualable.<\/p><h3 id=\"barruera\">Barruera<\/h3><h4 id=\"caracter-sticas-generales\">Caracter\u00edstiques Generals<\/h4><p>Barruera, la capital de la Vall de Bo\u00ed, acull poc m\u00e9s de sis-cents habitants.<\/p><h4 id=\"iglesia-parroquial-de-sant-feliu\">Esgl\u00e9sia Parroquial de Sant Feliu<\/h4><p>Entre els tresors hi ha l&#039;Esgl\u00e9sia Parroquial de Sant Feliu, una edificaci\u00f3 que data dels segles XI-XII. Situada a prop del riu Tor, conserva una torre quadrada de quatre pisos amb obertures de mig punt, permetent una vista panor\u00e0mica de la vall. La seva proximitat al riu afegeix un encant especial, amb el suau murmuri de l&#039;aigua complementant la serenitat del lloc.<\/p><h3 id=\"durro\">Durro<\/h3><h4 id=\"localizaci-n-y-caracter-sticas-generales\">Localitzaci\u00f3 i Caracter\u00edstiques Generals<\/h4><p>Durro, situat a 1.386 metres d&#039;altitud, \u00e9s un pintoresc llogaret que captura l&#039;ess\u00e8ncia dels pobles pirinencs amb les seves cases de pedra i vistes muntanyoses.<\/p><h4 id=\"iglesia-de-santa-mar-a-de-la-natividad\">Esgl\u00e9sia de Santa Maria de la Nativitat<\/h4><p>L\u00b4Esgl\u00e9sia de Santa Maria de la Nativitat \u00e9s la seva joia arquitect\u00f2nica, un temple del segle XII. L&#039;interior acull un retaule barroc del segle XVIII i un campanar de cinc pisos de planta quadrada que s&#039;erigeix com una icona del poble, oferint una vista panor\u00e0mica inoblidable dels Pirineus.<\/p><h3 id=\"erill-la-vall\">Erill la Vall<\/h3><h4 id=\"localizaci-n-y-caracter-sticas-generales\">Localitzaci\u00f3 i Caracter\u00edstiques Generals<\/h4><p>Ubicada al vessant del pic Erill, la poblaci\u00f3 d&#039;Erill la Vall convida a explorar l&#039;Esgl\u00e9sia de Santa Eul\u00e0lia.<\/p><h4 id=\"iglesia-de-santa-eulalia\">Esgl\u00e9sia de Santa Eul\u00e0lia<\/h4><p>Aquest temple, amb una nau \u00fanica i sostre de pissarra a l&#039;estil llombard, \u00e9s un homenatge a l&#039;arquitectura rom\u00e0nica. Al seu interior, una pila baptismal del segle XI i el suport de l&#039;altar del segle XII tallat en un \u00fanic bloc de pedra, expliquen hist\u00f2ries de fe i tradici\u00f3 que s&#039;han entrella\u00e7at a trav\u00e9s dels segles.<\/p><h3 id=\"bo-\">Bo\u00ed<\/h3><h4 id=\"punto-de-partida-para-la-exploraci-n\">Punt de Partida per a l&#039;Exploraci\u00f3<\/h4><p>Bo\u00ed \u00e9s el portal cap a l&#039;exploraci\u00f3 natural i arquitect\u00f2nica i \u00e9s el punt de partida per visitar el Parc Nacional d&#039;Aig\u00fcestortes i el Llac de Sant Maurici.<\/p><h4 id=\"iglesia-de-san-juan\">Esgl\u00e9sia de Sant Joan<\/h4><p>L&#039;Esgl\u00e9sia de Sant Joan, un temple rom\u00e0nic llombard del segle XI, serveix com un preludi hist\u00f2ric a les meravelles naturals que esperen. Amb un campanar del segle XII i reproduccions de pintures murals dels segles XI i XII, l\u00b4esgl\u00e9sia \u00e9s un viatge visual a trav\u00e9s de la hist\u00f2ria art\u00edstica i espiritual de la regi\u00f3.<\/p><h3 id=\"ta-ll\">Ta\u00fcll<\/h3><h4 id=\"coraz-n-del-rom-nico\">Cor del Rom\u00e0nic<\/h4><p>A Ta\u00fcll, el cor del rom\u00e0nic batega fort amb dues joies arquitect\u00f2niques: l&#039;Esgl\u00e9sia de Santa Maria i l&#039;Esgl\u00e9sia de Sant Clement.<\/p><h5 id=\"iglesia-de-santa-mar-a\">Esgl\u00e9sia de Santa Maria<\/h5><p>Santa Maria, al centre del poble, destaca per la seva estructura de tres naus i una torre-campanar de cinc pisos.<\/p><h5 id=\"iglesia-de-san-clemente\">Esgl\u00e9sia de Sant Clement<\/h5><p>Sant Clement, per altra banda, \u00e9s fam\u00f3s pel pantocr\u00e0tor que presideix el seu absis, una c\u00f2pia de l&#039;original que es troba al MNAC, sent un testimoni majestu\u00f3s de la rica her\u00e8ncia rom\u00e0nica catalana.<\/p>\t\t\t\t\t\t<\/div>\n\t\t\t\t<\/div>\n\t\t\t\t<\/div>\n\t\t\t\t\t<\/div>\n\t\t\t\t<\/div>\n\t\t\t\t<\/div>","protected":false},"excerpt":{"rendered":"<p>\u00cdndice de contenido Valle de Bo\u00ed: Un Resguardo de Historia y Cultura El Valle de Bo\u00ed, enclavado al noroeste de la provincia catalana de Lleida, alberga un patrimonio de imenso valor, destacando como una de las joyas arquitect\u00f3nicas y art\u00edsticas del arte rom\u00e1nico a nivel global. Este resguardo de historia y cultura fue reconocido en [&hellip;]<\/p>","protected":false},"author":1,"featured_media":0,"parent":76,"menu_order":0,"comment_status":"closed","ping_status":"closed","template":"elementor_header_footer","meta":{"footnotes":""},"class_list":["post-148","page","type-page","status-publish","hentry"],"_links":{"self":[{"href":"https:\/\/casapons.cat\/ca\/wp-json\/wp\/v2\/pages\/148","targetHints":{"allow":["GET"]}}],"collection":[{"href":"https:\/\/casapons.cat\/ca\/wp-json\/wp\/v2\/pages"}],"about":[{"href":"https:\/\/casapons.cat\/ca\/wp-json\/wp\/v2\/types\/page"}],"author":[{"embeddable":true,"href":"https:\/\/casapons.cat\/ca\/wp-json\/wp\/v2\/users\/1"}],"replies":[{"embeddable":true,"href":"https:\/\/casapons.cat\/ca\/wp-json\/wp\/v2\/comments?post=148"}],"version-history":[{"count":28,"href":"https:\/\/casapons.cat\/ca\/wp-json\/wp\/v2\/pages\/148\/revisions"}],"predecessor-version":[{"id":306,"href":"https:\/\/casapons.cat\/ca\/wp-json\/wp\/v2\/pages\/148\/revisions\/306"}],"up":[{"embeddable":true,"href":"https:\/\/casapons.cat\/ca\/wp-json\/wp\/v2\/pages\/76"}],"wp:attachment":[{"href":"https:\/\/casapons.cat\/ca\/wp-json\/wp\/v2\/media?parent=148"}],"curies":[{"name":"wp","href":"https:\/\/api.w.org\/{rel}","templated":true}]}}